{"id":4082,"date":"2019-12-24T09:31:19","date_gmt":"2019-12-24T09:31:19","guid":{"rendered":"https:\/\/hilaturasegea.com\/index.php\/producto\/cuerda-union-pes-en-12631\/"},"modified":"2025-05-19T18:07:01","modified_gmt":"2025-05-19T16:07:01","slug":"cuerda-union-pes-en-12631","status":"publish","type":"product","link":"https:\/\/hilaturasegea.com\/fr\/produit\/cuerda-union-pes-en-12631\/","title":{"rendered":"Union Corde Pes. AT tress\u00e9 EN1263.1"},"content":{"rendered":"<p>Autres \u00e9paisseurs Consultez !<\/p>\n<p><strong>COMPOSITION:<\/strong>\u00a0Fabriqu\u00e9 en polyester tress\u00e9 haute t\u00e9nacit\u00e9 conform\u00e9ment \u00e0 la r\u00e9glementation <strong>EN1263.1<\/strong>.<\/p>\n<p><strong>CARACT\u00c9RISTIQUES:<\/strong>\u00a0\u00c9lasticit\u00e9 minimale, haute r\u00e9sistance aux frottements et \u00e0 la traction. Ne se d\u00e9t\u00e9riore pas dans l&#039;eau. Couleur stabilis\u00e9e aux UV. Doux et flexible au toucher. Sans Coca-Cola.<\/p>\n<p><strong>SERVICES PUBLICS :<\/strong>\u00a0Union des r\u00e9seaux ensemble.<\/p>\n<table class=\"MsoNormalTable\" border=\"1\" cellpadding=\"0\" width=\"216\" style=\"width:162.05pt;border:1pt solid;margin-left:auto;margin-right:auto;\">\n<thead>\n<tr style=\"height:31.5pt;\">\n<td width=\"86\" style=\"width:64.5pt;border:dashed #BBBBBB 1pt;background:#C6D9F1;padding:0.75pt 0.75pt 0.75pt 0.75pt;height:31.5pt;\">\n<p class=\"MsoNormal\" align=\"center\" style=\"margin-bottom:0.0001pt;text-align:center;line-height:normal;\"><b><span style=\"font-size:8.5pt;font-family:Verdana, 'sans-serif';color:#000000;\">Diam\u00e8tre<\/span><\/b><span style=\"font-size:12pt;font-family:'Times New Roman', serif;color:#000000;\"><\/span><\/p>\n<\/p>\n<\/td>\n<td width=\"124\" style=\"width:93.05pt;border:dashed #BBBBBB 1pt;background:#C6D9F1;padding:0.75pt 0.75pt 0.75pt 0.75pt;height:31.5pt;\">\n<p class=\"MsoNormal\" align=\"center\" style=\"margin-bottom:0.0001pt;text-align:center;line-height:normal;\"><b><span style=\"font-size:8.5pt;font-family:Verdana, 'sans-serif';color:#000000;\">Charge de rupture<\/span><\/b><span style=\"font-size:12pt;font-family:'Times New Roman', serif;color:#000000;\"><\/span><\/p>\n<\/p>\n<\/td>\n<\/tr>\n<\/thead>\n<tbody>\n<tr style=\"height:10.5pt;\">\n<td width=\"86\" style=\"width:64.5pt;border:dashed #BBBBBB 1pt;background:#D9D9D9;padding:0.75pt 0.75pt 0.75pt 0.75pt;height:10.5pt;\">\n<p class=\"MsoNormal\" align=\"center\" style=\"margin-bottom:0.0001pt;text-align:center;line-height:10.5pt;\"><span style=\"font-size:8.5pt;font-family:Verdana, 'sans-serif';color:#000000;\">6 mm<\/span><span style=\"font-size:12pt;font-family:'Times New Roman', serif;color:#000000;\"><\/span><\/p>\n<\/p>\n<\/td>\n<td width=\"124\" style=\"width:93.05pt;border:dashed #BBBBBB 1pt;background:#D9D9D9;padding:0.75pt 0.75pt 0.75pt 0.75pt;height:10.5pt;\">\n<p class=\"MsoNormal\" align=\"center\" style=\"margin-bottom:0.0001pt;text-align:center;line-height:10.5pt;\"><span style=\"font-size:8.5pt;font-family:Verdana, 'sans-serif';color:#000000;\">7,5 kW<\/span><span style=\"font-size:12pt;font-family:'Times New Roman', serif;color:#000000;\"><\/span><\/p>\n<\/p>\n<\/td>\n<\/tr>\n<\/tbody>\n<\/table>","protected":false},"excerpt":{"rendered":"<p>Otros grosores \u00a1Consultar! COMPOSICI\u00d3N:\u00a0Fabricado en Poli\u00e9ster trenzado alta tenacidad bajo la normativa EN1263.1. CARACTER\u00cdSTICAS:\u00a0M\u00ednima elasticidad, gran resistencia al roce y a la tracci\u00f3n. No se deteriora en el agua. Color estabilizado por rayos UV. Suave y flexible al tacto. Libre de cocas. UTILIDADES:\u00a0Uni\u00f3n de redes entre si. Di\u00e1metro Carga\u00a0Rotura 6 mm 7,5 kw<\/p>","protected":false},"featured_media":4078,"template":"","meta":[],"product_brand":[],"product_cat":[973,1205,1185,1191,1020,1206,1376,965,1014,974,966,1288,1076,985],"product_tag":[],"class_list":{"0":"post-4082","1":"product","2":"type-product","3":"status-publish","4":"has-post-thumbnail","6":"product_cat-cordeleria-construccion","7":"product_cat-cuerda-atado-cuerda-en12631-redes","8":"product_cat-cuerda-atado-cuerda-en12631-redes-ferreteria","9":"product_cat-cuerda-en12631-poliester-cordeleria-construccion-cordeleria-construccion","10":"product_cat-cuerda-en12631","11":"product_cat-cuerda-union","12":"product_cat-cuerda-union-cuerda-en12631-poliester-cordeleria-construccion-cordeleria-construccion","13":"product_cat-ferreteria","14":"product_cat-poliester-cordeleria-construccion","15":"product_cat-redes","16":"product_cat-construccion","17":"product_cat-cuerda-union-cuerda-en12631-redes-ferreteria-ferreteria","18":"product_cat-cuerda-en12631-redes-ferreteria-ferreteria","19":"product_cat-redes-ferreteria","20":"pa_colorcuerdaunion-blancodistintivo","21":"pa_cuerdaunion-6mm","22":"pa_metrajecuerdaunion-100m","24":"first","25":"instock","26":"sale","27":"taxable","28":"shipping-taxable","29":"purchasable","30":"product-type-variable","31":"has-default-attributes"},"tiered_pricing_type":"fixed","tiered_pricing_fixed_rules":[],"tiered_pricing_product_settings":{"layout":"default","base_unit_name":{"singular":null,"plural":null},"default_variation":null},"tiered_pricing_minimum_quantity":null,"tiered_pricing_roles_data":[],"tiered_pricing_percentage_rules":[],"_links":{"self":[{"href":"https:\/\/hilaturasegea.com\/fr\/wp-json\/wp\/v2\/product\/4082","targetHints":{"allow":["GET"]}}],"collection":[{"href":"https:\/\/hilaturasegea.com\/fr\/wp-json\/wp\/v2\/product"}],"about":[{"href":"https:\/\/hilaturasegea.com\/fr\/wp-json\/wp\/v2\/types\/product"}],"wp:featuredmedia":[{"embeddable":true,"href":"https:\/\/hilaturasegea.com\/fr\/wp-json\/wp\/v2\/media\/4078"}],"wp:attachment":[{"href":"https:\/\/hilaturasegea.com\/fr\/wp-json\/wp\/v2\/media?parent=4082"}],"wp:term":[{"taxonomy":"product_brand","embeddable":true,"href":"https:\/\/hilaturasegea.com\/fr\/wp-json\/wp\/v2\/product_brand?post=4082"},{"taxonomy":"product_cat","embeddable":true,"href":"https:\/\/hilaturasegea.com\/fr\/wp-json\/wp\/v2\/product_cat?post=4082"},{"taxonomy":"product_tag","embeddable":true,"href":"https:\/\/hilaturasegea.com\/fr\/wp-json\/wp\/v2\/product_tag?post=4082"}],"curies":[{"name":"wp","href":"https:\/\/api.w.org\/{rel}","templated":true}]}}