{"id":4088,"date":"2019-12-24T09:43:39","date_gmt":"2019-12-24T09:43:39","guid":{"rendered":"https:\/\/hilaturasegea.com\/index.php\/producto\/cuerda-atado-doble-pes-at-trenzado-en-12631\/"},"modified":"2025-05-19T18:07:01","modified_gmt":"2025-05-19T16:07:01","slug":"cuerda-atado-doble-pes-at-trenzado-en-12631","status":"publish","type":"product","link":"https:\/\/hilaturasegea.com\/fr\/produit\/cuerda-atado-doble-pes-at-trenzado-en-12631\/","title":{"rendered":"Poids en corde \u00e0 double attache. AT tress\u00e9 EN1263.1"},"content":{"rendered":"<p>Autres \u00e9paisseurs Consultez !<\/p>\n<p><strong>COMPOSITION:<\/strong>\u00a0Fabriqu\u00e9 en polyester tress\u00e9 haute t\u00e9nacit\u00e9 conform\u00e9ment \u00e0 la r\u00e9glementation\u00a0<strong>EN1263.1<\/strong>.<\/p>\n<p><strong>CARACT\u00c9RISTIQUES:<\/strong>\u00a0\u00c9lasticit\u00e9 minimale, haute r\u00e9sistance aux frottements et \u00e0 la traction. Ne se d\u00e9t\u00e9riore pas dans l&#039;eau. Couleur stabilis\u00e9e aux UV. Doux et flexible au toucher. Sans Coca-Cola.<\/p>\n<p><strong>SERVICES PUBLICS :<\/strong>\u00a0Syst\u00e8me de cravate double V<\/p>\n<table class=\"MsoNormalTable\" border=\"1\" cellpadding=\"0\" width=\"216\" style=\"width:162.05pt;border:1pt solid;margin-left:auto;margin-right:auto;\">\n<thead>\n<tr style=\"height:31.5pt;\">\n<td width=\"86\" style=\"width:64.5pt;border:dashed #BBBBBB 1pt;background:#C6D9F1;padding:0.75pt 0.75pt 0.75pt 0.75pt;height:31.5pt;\">\n<p class=\"MsoNormal\" align=\"center\" style=\"margin-bottom:0.0001pt;text-align:center;line-height:normal;\"><b><span style=\"font-size:8.5pt;font-family:Verdana, 'sans-serif';color:#000000;\">Diam\u00e8tre<\/span><\/b><\/p>\n<\/td>\n<td width=\"124\" style=\"width:93.05pt;border:dashed #BBBBBB 1pt;background:#C6D9F1;padding:0.75pt 0.75pt 0.75pt 0.75pt;height:31.5pt;\">\n<p class=\"MsoNormal\" align=\"center\" style=\"margin-bottom:0.0001pt;text-align:center;line-height:normal;\"><b><span style=\"font-size:8.5pt;font-family:Verdana, 'sans-serif';color:#000000;\">Charge de rupture<\/span><\/b><\/p>\n<\/td>\n<\/tr>\n<\/thead>\n<tbody>\n<tr style=\"height:10.5pt;\">\n<td width=\"86\" style=\"width:64.5pt;border:dashed #BBBBBB 1pt;background:#D9D9D9;padding:0.75pt 0.75pt 0.75pt 0.75pt;height:10.5pt;\">\n<p class=\"MsoNormal\" align=\"center\" style=\"margin-bottom:0.0001pt;text-align:center;line-height:10.5pt;\"><span style=\"font-size:8.5pt;font-family:Verdana, 'sans-serif';color:#000000;\">8 mm<\/span><\/p>\n<\/td>\n<td width=\"124\" style=\"width:93.05pt;border:dashed #BBBBBB 1pt;background:#D9D9D9;padding:0.75pt 0.75pt 0.75pt 0.75pt;height:10.5pt;\">\n<p class=\"MsoNormal\" align=\"center\" style=\"margin-bottom:0.0001pt;text-align:center;line-height:10.5pt;\"><span style=\"font-size:8.5pt;font-family:Verdana, 'sans-serif';color:#000000;\">10 kW<\/span><\/p>\n<\/td>\n<\/tr>\n<\/tbody>\n<\/table>","protected":false},"excerpt":{"rendered":"<p>Otros grosores \u00a1Consultar! COMPOSICI\u00d3N:\u00a0Fabricado en Poli\u00e9ster trenzado alta tenacidad bajo la normativa\u00a0EN1263.1. CARACTER\u00cdSTICAS:\u00a0M\u00ednima elasticidad, gran resistencia al roce y a la tracci\u00f3n. No se deteriora en el agua. Color estabilizado por rayos UV. Suave y flexible al tacto. Libre de cocas. UTILIDADES:\u00a0Atado Doble Sistema V Di\u00e1metro Carga\u00a0Rotura 8 mm 10 kw<\/p>","protected":false},"featured_media":4084,"template":"","meta":[],"product_brand":[],"product_cat":[1413,1368,1369,973,1375,1205,1185,1191,1020,965,1014,974,966,1076,985],"product_tag":[],"class_list":{"0":"post-4088","1":"product","2":"type-product","3":"status-publish","4":"has-post-thumbnail","6":"product_cat-atado-doble-cuerda-atado-cuerda-en12631-poliester-cordeleria-construccion-cordeleria-construccion","7":"product_cat-atado-doble","8":"product_cat-atado-doble-cuerda-atado-cuerda-en12631-redes","9":"product_cat-cordeleria-construccion","10":"product_cat-cuerda-atado-cuerda-en12631-poliester-cordeleria-construccion-cordeleria-construccion","11":"product_cat-cuerda-atado-cuerda-en12631-redes","12":"product_cat-cuerda-atado-cuerda-en12631-redes-ferreteria","13":"product_cat-cuerda-en12631-poliester-cordeleria-construccion-cordeleria-construccion","14":"product_cat-cuerda-en12631","15":"product_cat-ferreteria","16":"product_cat-poliester-cordeleria-construccion","17":"product_cat-redes","18":"product_cat-construccion","19":"product_cat-cuerda-en12631-redes-ferreteria-ferreteria","20":"product_cat-redes-ferreteria","21":"pa_colorcuerdaunion-blancodistintivo","22":"pa_cuerdaunion-8mm","23":"pa_metrajecuerdaunion-100m","25":"first","26":"instock","27":"sale","28":"taxable","29":"shipping-taxable","30":"purchasable","31":"product-type-variable","32":"has-default-attributes"},"tiered_pricing_type":"fixed","tiered_pricing_fixed_rules":[],"tiered_pricing_product_settings":{"layout":"default","base_unit_name":{"singular":null,"plural":null},"default_variation":null},"tiered_pricing_minimum_quantity":null,"tiered_pricing_roles_data":[],"tiered_pricing_percentage_rules":[],"_links":{"self":[{"href":"https:\/\/hilaturasegea.com\/fr\/wp-json\/wp\/v2\/product\/4088","targetHints":{"allow":["GET"]}}],"collection":[{"href":"https:\/\/hilaturasegea.com\/fr\/wp-json\/wp\/v2\/product"}],"about":[{"href":"https:\/\/hilaturasegea.com\/fr\/wp-json\/wp\/v2\/types\/product"}],"wp:featuredmedia":[{"embeddable":true,"href":"https:\/\/hilaturasegea.com\/fr\/wp-json\/wp\/v2\/media\/4084"}],"wp:attachment":[{"href":"https:\/\/hilaturasegea.com\/fr\/wp-json\/wp\/v2\/media?parent=4088"}],"wp:term":[{"taxonomy":"product_brand","embeddable":true,"href":"https:\/\/hilaturasegea.com\/fr\/wp-json\/wp\/v2\/product_brand?post=4088"},{"taxonomy":"product_cat","embeddable":true,"href":"https:\/\/hilaturasegea.com\/fr\/wp-json\/wp\/v2\/product_cat?post=4088"},{"taxonomy":"product_tag","embeddable":true,"href":"https:\/\/hilaturasegea.com\/fr\/wp-json\/wp\/v2\/product_tag?post=4088"}],"curies":[{"name":"wp","href":"https:\/\/api.w.org\/{rel}","templated":true}]}}