{"id":4100,"date":"2019-12-24T13:49:03","date_gmt":"2019-12-24T13:49:03","guid":{"rendered":"https:\/\/hilaturasegea.com\/index.php\/producto\/film-perforado-automatico\/"},"modified":"2025-05-19T18:07:01","modified_gmt":"2025-05-19T16:07:01","slug":"film-perforado-automatico","status":"publish","type":"product","link":"https:\/\/hilaturasegea.com\/fr\/produit\/film-perforado-automatico\/","title":{"rendered":"Film perfor\u00e9 \/ Automatique"},"content":{"rendered":"<p>FROID : IL NE CR\u00c9E PAS DE BARRI\u00c8RE, PERMETTANT AU FROID DE PASSER PARFAITEMENT JUSQU&#039;AU NOYAU.<\/p>\n<p>EN CAS DE CHALEUR : LAISSER S&#039;\u00c9CHAPPER POUR \u00c9VITER LA CONDENSATION.<\/p>\n<p><strong>COMPOSITION:\u00a0<\/strong>Feuille de plastique mince enroul\u00e9e sur un tube en carton d&#039;une largeur standard de 500 mm et d&#039;une \u00e9paisseur de 20 microns.<\/p>\n<p><strong>CARACT\u00c9RISTIQUES:<\/strong>\u00a0Gr\u00e2ce \u00e0 la perforation, il ne cr\u00e9e pas de barri\u00e8re, permettant au froid de passer parfaitement jusqu&#039;au noyau et permettant \u00e0 la chaleur de s&#039;\u00e9chapper, \u00e9vitant la condensation.<\/p>\n<p><strong>SERVICES PUBLICS :<\/strong>\u00a0L&#039;\u00e9lasticit\u00e9 mentionn\u00e9e ci-dessus, combin\u00e9e \u00e0 ses propri\u00e9t\u00e9s auto-adh\u00e9sives sp\u00e9ciales, fait de ce plastique unique un produit unique pour l&#039;emballage de tout type de mat\u00e9riau, en particulier pour la palettisation des charges, nous permettant de regrouper les produits finis pour le stockage.<\/p>","protected":false},"excerpt":{"rendered":"<p>EN FR\u00cdO: NO HACE BARRERA DEJANDO PASAR EL FR\u00cdO PERFECTAMENTE AL N\u00daCLEO. EN CALOR: DEJA SALIR EL CALOR EVITANDO CONDENSACIONES. COMPOSICI\u00d3N:\u00a0Fina l\u00e1mina de pl\u00e1stico bobina sobre un tubo de cart\u00f3n con un ancho habitual de 500 mm y espesor de 20 micras. CARACTER\u00cdSTICAS:\u00a0Gracias al perforado no hace barrera dejando pasar el fr\u00edo perfectamente al n\u00facleo [&hellip;]<\/p>","protected":false},"featured_media":4098,"template":"","meta":[],"product_brand":[],"product_cat":[1366,1371,1031,1181,1207,975,1411,1409,966],"product_tag":[],"class_list":{"0":"post-4100","1":"product","2":"type-product","3":"status-publish","4":"has-post-thumbnail","6":"product_cat-automatico-film-paletizar-embalaje-otros-articulos-ferreteria","7":"product_cat-automatico-film-paletizar-embalaje-otros-articulos","8":"product_cat-embalaje-otros-articulos","9":"product_cat-film-paletizar-embalaje-otros-articulos-ferreteria","10":"product_cat-film-paletizar-embalaje-otros-articulos","11":"product_cat-otros-articulos","12":"product_cat-perforado-automatico-film-paletizar-embalaje-otros-articulos","13":"product_cat-perforado","14":"product_cat-construccion","15":"pa_formatofilm-transparenteperforado","16":"pa_grosormicras-20micras","17":"pa_medidarollo-500mm","18":"pa_metroslineales-3000m","19":"pa_pesobobina-17kg","20":"pa_presentacionfilm-24unidades","22":"first","23":"instock","24":"sale","25":"taxable","26":"shipping-taxable","27":"purchasable","28":"product-type-variable","29":"has-default-attributes"},"tiered_pricing_type":"fixed","tiered_pricing_fixed_rules":[],"tiered_pricing_product_settings":{"layout":"default","base_unit_name":{"singular":null,"plural":null},"default_variation":null},"tiered_pricing_minimum_quantity":null,"tiered_pricing_roles_data":[],"tiered_pricing_percentage_rules":[],"_links":{"self":[{"href":"https:\/\/hilaturasegea.com\/fr\/wp-json\/wp\/v2\/product\/4100","targetHints":{"allow":["GET"]}}],"collection":[{"href":"https:\/\/hilaturasegea.com\/fr\/wp-json\/wp\/v2\/product"}],"about":[{"href":"https:\/\/hilaturasegea.com\/fr\/wp-json\/wp\/v2\/types\/product"}],"wp:featuredmedia":[{"embeddable":true,"href":"https:\/\/hilaturasegea.com\/fr\/wp-json\/wp\/v2\/media\/4098"}],"wp:attachment":[{"href":"https:\/\/hilaturasegea.com\/fr\/wp-json\/wp\/v2\/media?parent=4100"}],"wp:term":[{"taxonomy":"product_brand","embeddable":true,"href":"https:\/\/hilaturasegea.com\/fr\/wp-json\/wp\/v2\/product_brand?post=4100"},{"taxonomy":"product_cat","embeddable":true,"href":"https:\/\/hilaturasegea.com\/fr\/wp-json\/wp\/v2\/product_cat?post=4100"},{"taxonomy":"product_tag","embeddable":true,"href":"https:\/\/hilaturasegea.com\/fr\/wp-json\/wp\/v2\/product_tag?post=4100"}],"curies":[{"name":"wp","href":"https:\/\/api.w.org\/{rel}","templated":true}]}}