{"id":4109,"date":"2025-04-09T17:52:49","date_gmt":"2025-04-09T15:52:49","guid":{"rendered":"https:\/\/hilaturasegea.com\/?post_type=product&#038;p=4109"},"modified":"2025-05-19T18:06:59","modified_gmt":"2025-05-19T16:06:59","slug":"algodon-para-atar-a-mano","status":"publish","type":"product","link":"https:\/\/hilaturasegea.com\/fr\/produit\/algodon-para-atar-a-mano\/","title":{"rendered":"Coton nou\u00e9 \u00e0 la main"},"content":{"rendered":"<p class=\"MsoNormal\"><span style=\"font-size:13.5pt;font-family:Verdana, 'sans-serif';color:#777777;background:#FFFFFF;\">Afin de garantir la plus haute qualit\u00e9 et la tra\u00e7abilit\u00e9 de tous nos produits, chaque article se voit attribuer :<\/span><span style=\"font-size:7pt;font-family:Verdana, 'sans-serif';color:#777777;background:#FFFFFF;\"> <\/span><\/p>\n<\/p>\n<p class=\"MsoNormal\" style=\"margin-left:36pt;text-indent:-18pt;\"><!-- [if !supportLists]--><span style=\"font-size:13.5pt;font-family:Verdana, 'sans-serif';color:#777777;\"><span>&#8211;<span style=\"font:7pt 'Times New Roman';\">\u00a0\u00a0\u00a0\u00a0\u00a0 <\/span><\/span><\/span><!--[endif]--><span style=\"font-size:13.5pt;font-family:Verdana, 'sans-serif';color:#777777;background:#FFFFFF;\">Code article<\/span><\/p>\n<\/p>\n<p class=\"MsoNormal\" style=\"margin-left:36pt;text-indent:-18pt;\"><!-- [if !supportLists]--><span style=\"font-size:13.5pt;font-family:Verdana, 'sans-serif';color:#777777;\"><span>&#8211;<span style=\"font:7pt 'Times New Roman';\">\u00a0\u00a0\u00a0\u00a0\u00a0 <\/span><\/span><\/span><!--[endif]--><span style=\"font-size:13.5pt;font-family:Verdana, 'sans-serif';color:#777777;background:#FFFFFF;\">code EAN <\/span><\/p>\n<\/p>\n<p class=\"MsoNormal\" style=\"margin-left:36pt;text-indent:-18pt;\"><!-- [if !supportLists]--><span style=\"font-size:13.5pt;font-family:Verdana, 'sans-serif';color:#777777;\"><span>&#8211;<span style=\"font:7pt 'Times New Roman';\">\u00a0\u00a0\u00a0\u00a0\u00a0 <\/span><\/span><\/span><!--[endif]--><span style=\"font-size:13.5pt;font-family:Verdana, 'sans-serif';color:#777777;background:#FFFFFF;\">Code de fabrication<\/span><\/p><\/p>","protected":false},"excerpt":{"rendered":"<p class=\"MsoNormal\" style=\"line-height:normal;\"><span style=\"text-decoration:underline;\"><b><span style=\"font-size:13.5pt;font-family:Verdana, sans-serif;color:#000000;text-decoration:underline;\">Pr\u00e9sentation:<\/span><\/b><\/span><\/p>\n<p class=\"MsoNormal\" style=\"line-height:normal;\"><span style=\"font-size:13.5pt;font-family:Verdana, 'sans-serif';color:#000000;\">Balle<\/span><\/p>\n<p>\u00a0<\/p>\n<p class=\"MsoNormal\" style=\"line-height:normal;\"><span style=\"text-decoration:underline;\"><b><span style=\"font-size:13.5pt;font-family:Verdana, sans-serif;color:#000000;text-decoration:underline;\">Caract\u00e9ristiques:<\/span><\/b>\u00a0<\/span><\/p>\n<p class=\"MsoNormal\" style=\"line-height:normal;\"><span style=\"font-size:13.5pt;font-family:Verdana, 'sans-serif';color:#000000;\">Fabriqu\u00e9 \u00e0 partir de fibres v\u00e9g\u00e9tales, \u00e9cologique et biod\u00e9gradable<\/span><\/p>\n<p class=\"MsoNormal\" style=\"line-height:normal;\"><span style=\"font-size:13.5pt;font-family:Verdana, 'sans-serif';color:#000000;\">Fil rond, ne serrant pas trop fort l&#039;un l&#039;autre<\/span><\/p>\n<p class=\"MsoNormal\" style=\"line-height:normal;\"><span style=\"font-size:13.5pt;font-family:Verdana, 'sans-serif';color:#000000;\">Souple et doux au toucher<\/span><\/p>\n<p class=\"MsoNormal\" style=\"line-height:normal;\"><span style=\"font-size:13.5pt;font-family:Verdana, 'sans-serif';color:#000000;\">Autonomie maximale<\/span><\/p>\n<p class=\"MsoNormal\" style=\"line-height:normal;\"><b><span style=\"font-size:13.5pt;font-family:Verdana, 'sans-serif';color:#000000;\">\u00a0<\/span><\/b><\/p>\n<p class=\"MsoNormal\" style=\"line-height:normal;\"><b><span style=\"font-size:13.5pt;font-family:Verdana, 'sans-serif';color:#000000;\">\u00a0<\/span><\/b><\/p>\n<p class=\"MsoNormal\" style=\"line-height:normal;\"><b><span style=\"font-size:13.5pt;font-family:Verdana, 'sans-serif';color:#000000;\">ADAPT\u00c9 AU CONTACT AVEC LES PRODUITS ALIMENTAIRES<\/span><\/b><\/p>","protected":false},"featured_media":4107,"template":"","meta":[],"product_brand":[],"product_cat":[1255,978,1046,969],"product_tag":[],"class_list":{"0":"post-4109","1":"product","2":"type-product","3":"status-publish","4":"has-post-thumbnail","6":"product_cat-algodon-para-atar-a-mano","7":"product_cat-embutidos","8":"product_cat-fibras-naturales","9":"product_cat-carnicas","11":"first","12":"instock","13":"sale","14":"taxable","15":"shipping-taxable","16":"purchasable","17":"product-type-simple"},"tiered_pricing_type":"fixed","tiered_pricing_fixed_rules":[],"tiered_pricing_product_settings":{"layout":"default","base_unit_name":{"singular":null,"plural":null},"default_variation":null},"tiered_pricing_minimum_quantity":null,"tiered_pricing_roles_data":[],"tiered_pricing_percentage_rules":[],"_links":{"self":[{"href":"https:\/\/hilaturasegea.com\/fr\/wp-json\/wp\/v2\/product\/4109","targetHints":{"allow":["GET"]}}],"collection":[{"href":"https:\/\/hilaturasegea.com\/fr\/wp-json\/wp\/v2\/product"}],"about":[{"href":"https:\/\/hilaturasegea.com\/fr\/wp-json\/wp\/v2\/types\/product"}],"wp:featuredmedia":[{"embeddable":true,"href":"https:\/\/hilaturasegea.com\/fr\/wp-json\/wp\/v2\/media\/4107"}],"wp:attachment":[{"href":"https:\/\/hilaturasegea.com\/fr\/wp-json\/wp\/v2\/media?parent=4109"}],"wp:term":[{"taxonomy":"product_brand","embeddable":true,"href":"https:\/\/hilaturasegea.com\/fr\/wp-json\/wp\/v2\/product_brand?post=4109"},{"taxonomy":"product_cat","embeddable":true,"href":"https:\/\/hilaturasegea.com\/fr\/wp-json\/wp\/v2\/product_cat?post=4109"},{"taxonomy":"product_tag","embeddable":true,"href":"https:\/\/hilaturasegea.com\/fr\/wp-json\/wp\/v2\/product_tag?post=4109"}],"curies":[{"name":"wp","href":"https:\/\/api.w.org\/{rel}","templated":true}]}}