{"id":4196,"date":"2025-04-09T17:52:21","date_gmt":"2025-04-09T15:52:21","guid":{"rendered":"https:\/\/hilaturasegea.com\/?post_type=product&#038;p=4196"},"modified":"2025-05-29T09:28:28","modified_gmt":"2025-05-29T07:28:28","slug":"algodon-cosida-anonima","status":"publish","type":"product","link":"https:\/\/hilaturasegea.com\/fr\/produit\/algodon-cosida-anonima\/","title":{"rendered":"Housse en coton cousue anonyme"},"content":{"rendered":"<p class=\"MsoNormal\"><span style=\"font-size: 13.5pt; line-height: 115%; font-family: Verdana, 'sans-serif'; color: #000000; background: #FAFBFC;\">Tous nos articles sont identifi\u00e9s avec leurs propres codes (code article, code-barres et code de fabrication) pour assurer une qualit\u00e9 et une tra\u00e7abilit\u00e9 maximales pour tous nos produits.<\/span><\/p>","protected":false},"excerpt":{"rendered":"<p><b><span style=\"text-decoration: underline;\"><span style=\"font-size: 13.5pt; font-family: Verdana, 'sans-serif'; color: #000000;\">Pr\u00e9sentation:<\/span><\/span><\/b><\/p>\n<p class=\"MsoNormal\" style=\"line-height: normal;\"><span style=\"font-size: 13.5pt; font-family: Verdana, 'sans-serif'; color: #000000;\">Coup\u00e9 \u00e0 la taille demand\u00e9e et cousu<\/span><\/p>\n<p class=\"MsoNormal\" style=\"line-height: normal;\"><span style=\"font-size: 8.5pt; font-family: Verdana, 'sans-serif'; color: #000000;\">\u00a0<\/span><\/p>\n<p class=\"MsoNormal\" style=\"line-height: normal;\"><b><span style=\"text-decoration: underline;\"><span style=\"font-size: 13.5pt; font-family: Verdana, 'sans-serif'; color: #000000;\">Caract\u00e9ristiques:<\/span><\/span><\/b><\/p>\n<p class=\"MsoNormal\" style=\"line-height: normal;\"><span style=\"font-size: 13.5pt; font-family: Verdana, 'sans-serif'; color: #000000;\">Fabriqu\u00e9 en coton (fibres v\u00e9g\u00e9tales, \u00e9cologiques et biod\u00e9gradables)<\/span><\/p>\n<p class=\"MsoNormal\" style=\"line-height: normal;\"><span style=\"font-size: 13.5pt; font-family: Verdana, 'sans-serif'; color: #000000;\">Doux au toucher<\/span><\/p>\n<p class=\"MsoNormal\" style=\"line-height: normal;\"><span style=\"font-size: 13.5pt; font-family: Verdana, 'sans-serif'; color: #000000;\">R\u00e9sistance maximale<\/span><\/p>\n<p class=\"MsoNormal\" style=\"line-height: normal;\"><span style=\"font-size: 13.5pt; font-family: Verdana, 'sans-serif'; color: #000000;\">Tissu repass\u00e9<\/span><\/p>\n<p class=\"MsoNormal\" style=\"line-height: normal;\"><span style=\"font-size: 13.5pt; font-family: Verdana, 'sans-serif'; color: #000000;\">Sans plis<\/span><\/p>\n<p class=\"MsoNormal\" style=\"line-height: normal;\"><span style=\"font-size: 13.5pt; font-family: Verdana, 'sans-serif'; color: #000000;\">Aucune ficelle ne pend \u00e0 la base du jambon<\/span><\/p>\n<p class=\"MsoNormal\" style=\"line-height: normal;\"><span style=\"font-size: 13.5pt; font-family: Verdana, 'sans-serif'; color: #000000;\">Servis empil\u00e9s les uns sur les autres, en paquets de 200 unit\u00e9s<\/span><\/p>\n<p class=\"MsoNormal\" style=\"line-height: normal;\"><span style=\"font-size: 13.5pt; font-family: Verdana, 'sans-serif'; color: #000000;\">Large gamme de couleurs<\/span><\/p>\n<p class=\"MsoNormal\" style=\"line-height: normal;\"><span style=\"font-size: 13.5pt; font-family: Verdana, 'sans-serif'; color: #000000;\">\u00a0<\/span><\/p>\n<p class=\"MsoNormal\" style=\"line-height: normal;\"><span style=\"font-size: 13.5pt; font-family: Verdana, 'sans-serif'; color: #000000;\">\u00a0<\/span><\/p>\n<p class=\"MsoNormal\" style=\"line-height: normal;\"><b><span style=\"font-size: 13.5pt; font-family: Verdana, 'sans-serif'; color: #000000;\">ADAPT\u00c9 AU CONTACT AVEC LES PRODUITS ALIMENTAIRES<\/span><\/b><\/p>","protected":false},"featured_media":4186,"template":"","meta":[],"product_brand":[],"product_cat":[1428,1387,1049,1263,979,969],"product_tag":[],"class_list":{"0":"post-4196","1":"product","2":"type-product","3":"status-publish","4":"has-post-thumbnail","6":"product_cat-algodon-cosida-anonima-fibras-naturales-jamon-y-cecinas","7":"product_cat-fibras-naturales-jamon-y-cecinas","8":"product_cat-fundas","9":"product_cat-jamon-y-cecinas","10":"product_cat-jamones-cecinas-y-vacunos","11":"product_cat-carnicas","13":"first","14":"instock","15":"sale","16":"taxable","17":"shipping-taxable","18":"purchasable","19":"product-type-simple"},"tiered_pricing_type":"fixed","tiered_pricing_fixed_rules":[],"tiered_pricing_product_settings":{"layout":"default","base_unit_name":{"singular":null,"plural":null},"default_variation":null},"tiered_pricing_minimum_quantity":null,"tiered_pricing_roles_data":[],"tiered_pricing_percentage_rules":[],"_links":{"self":[{"href":"https:\/\/hilaturasegea.com\/fr\/wp-json\/wp\/v2\/product\/4196","targetHints":{"allow":["GET"]}}],"collection":[{"href":"https:\/\/hilaturasegea.com\/fr\/wp-json\/wp\/v2\/product"}],"about":[{"href":"https:\/\/hilaturasegea.com\/fr\/wp-json\/wp\/v2\/types\/product"}],"wp:featuredmedia":[{"embeddable":true,"href":"https:\/\/hilaturasegea.com\/fr\/wp-json\/wp\/v2\/media\/4186"}],"wp:attachment":[{"href":"https:\/\/hilaturasegea.com\/fr\/wp-json\/wp\/v2\/media?parent=4196"}],"wp:term":[{"taxonomy":"product_brand","embeddable":true,"href":"https:\/\/hilaturasegea.com\/fr\/wp-json\/wp\/v2\/product_brand?post=4196"},{"taxonomy":"product_cat","embeddable":true,"href":"https:\/\/hilaturasegea.com\/fr\/wp-json\/wp\/v2\/product_cat?post=4196"},{"taxonomy":"product_tag","embeddable":true,"href":"https:\/\/hilaturasegea.com\/fr\/wp-json\/wp\/v2\/product_tag?post=4196"}],"curies":[{"name":"wp","href":"https:\/\/api.w.org\/{rel}","templated":true}]}}