{"id":4233,"date":"2025-04-09T17:52:21","date_gmt":"2025-04-09T15:52:21","guid":{"rendered":"https:\/\/hilaturasegea.com\/?post_type=product&#038;p=4233"},"modified":"2025-05-29T09:30:06","modified_gmt":"2025-05-29T07:30:06","slug":"tejido-personalizado","status":"publish","type":"product","link":"https:\/\/hilaturasegea.com\/fr\/produit\/tejido-personalizado\/","title":{"rendered":"Tissu de couverture personnalis\u00e9"},"content":{"rendered":"<p class=\"MsoNormal\"><span style=\"font-size: 13.5pt; font-family: Verdana, 'sans-serif'; color: #777777; background: #FFFFFF;\">Afin de garantir la plus haute qualit\u00e9 et la tra\u00e7abilit\u00e9 de tous nos produits, chaque article se voit attribuer :<\/span><\/p>\n<p class=\"MsoNormal\" style=\"margin-left: 36pt; text-indent: -18pt;\"><span style=\"font-size: 13.5pt; font-family: Verdana, 'sans-serif'; color: #777777;\">&#8211;<span style=\"font: 7pt 'Times New Roman';\">\u00a0\u00a0\u00a0\u00a0\u00a0\u00a0<\/span><\/span><span style=\"font-size: 13.5pt; font-family: Verdana, 'sans-serif'; color: #777777; background: #FFFFFF;\">Code article<\/span><\/p>\n<p class=\"MsoNormal\" style=\"margin-left: 36pt; text-indent: -18pt;\"><span style=\"font-size: 13.5pt; font-family: Verdana, 'sans-serif'; color: #777777;\">&#8211;<span style=\"font: 7pt 'Times New Roman';\">\u00a0\u00a0\u00a0\u00a0\u00a0\u00a0<\/span><\/span><span style=\"font-size: 13.5pt; font-family: Verdana, 'sans-serif'; color: #777777; background: #FFFFFF;\">code EAN<\/span><\/p>\n<p class=\"MsoNormal\" style=\"margin-left: 36pt; text-indent: -18pt;\"><span style=\"font-size: 13.5pt; font-family: Verdana, 'sans-serif'; color: #777777;\">&#8211;<span style=\"font: 7pt 'Times New Roman';\">\u00a0\u00a0\u00a0\u00a0\u00a0\u00a0<\/span><\/span><span style=\"font-size: 13.5pt; font-family: Verdana, 'sans-serif'; color: #777777; background: #FFFFFF;\">Code de fabrication<\/span><\/p>","protected":false},"excerpt":{"rendered":"<p class=\"MsoNormal\" style=\"line-height: normal;\"><b><span style=\"text-decoration: underline;\"><span style=\"font-size: 13.5pt; font-family: Verdana, 'sans-serif'; color: #000000;\">Pr\u00e9sentation:<\/span><\/span><\/b><\/p>\n<p class=\"MsoNormal\" style=\"line-height: normal;\"><span style=\"font-size: 13.5pt; font-family: Verdana, 'sans-serif'; color: #000000;\">Coup\u00e9 \u00e0 la taille demand\u00e9e et cousu<\/span><\/p>\n<p class=\"MsoNormal\" style=\"line-height: normal;\"><b><span style=\"text-decoration: underline;\"><span style=\"font-size: 13.5pt; font-family: Verdana, 'sans-serif'; color: #000000;\">Caract\u00e9ristiques:<\/span><\/span><\/b><\/p>\n<p class=\"MsoNormal\" style=\"line-height: normal;\"><span style=\"font-size: 13.5pt; font-family: Verdana, 'sans-serif'; color: #000000;\">Tissu fin \u2013 type T-shirt<\/span><\/p>\n<p class=\"MsoNormal\" style=\"line-height: normal;\"><span style=\"font-size: 13.5pt; font-family: Verdana, 'sans-serif'; color: #000000;\">Doux au toucher<\/span><\/p>\n<p class=\"MsoNormal\" style=\"line-height: normal;\"><span style=\"font-size: 13.5pt; font-family: Verdana, 'sans-serif'; color: #000000;\">R\u00e9sistance maximale<\/span><\/p>\n<p class=\"MsoNormal\" style=\"line-height: normal;\"><span style=\"font-size: 13.5pt; font-family: Verdana, 'sans-serif'; color: #000000;\">Tissu repass\u00e9<\/span><\/p>\n<p class=\"MsoNormal\" style=\"line-height: normal;\"><span style=\"font-size: 13.5pt; font-family: Verdana, 'sans-serif'; color: #000000;\">Sans plis<\/span><\/p>\n<p class=\"MsoNormal\" style=\"line-height: normal;\"><span style=\"font-size: 13.5pt; font-family: Verdana, 'sans-serif'; color: #000000;\">Aucune ficelle ne pend \u00e0 la base du jambon<\/span><\/p>\n<p class=\"MsoNormal\" style=\"line-height: normal;\"><span style=\"font-size: 13.5pt; font-family: Verdana, 'sans-serif'; color: #000000;\">Impression de 1\u00e8re qualit\u00e9<\/span><\/p>\n<p class=\"MsoNormal\" style=\"line-height: normal;\"><span style=\"font-size: 13.5pt; font-family: Verdana, 'sans-serif'; color: #000000;\">Impression en 1 ou plusieurs couleurs<\/span><\/p>\n<p class=\"MsoNormal\" style=\"line-height: normal;\"><span style=\"font-size: 13.5pt; font-family: Verdana, 'sans-serif'; color: #000000;\">Large gamme de couleurs<\/span><\/p>\n<p class=\"MsoNormal\" style=\"line-height: normal;\"><span style=\"font-size: 13.5pt; font-family: Verdana, 'sans-serif'; color: #000000;\">\u00a0<\/span><\/p>\n<p class=\"MsoNormal\" style=\"line-height: normal;\"><span style=\"font-size: 13.5pt; font-family: Verdana, 'sans-serif'; color: #000000;\">\u00a0<\/span><\/p>\n<p class=\"MsoNormal\" style=\"line-height: normal;\"><b><span style=\"font-size: 13.5pt; font-family: Verdana, 'sans-serif'; color: #000000;\">ADAPT\u00c9 AU CONTACT AVEC LES PRODUITS ALIMENTAIRES<\/span><\/b><\/p>","protected":false},"featured_media":4221,"template":"","meta":[],"product_brand":[],"product_cat":[1388,1049,1263,979,1431,969],"product_tag":[],"class_list":{"0":"post-4233","1":"product","2":"type-product","3":"status-publish","4":"has-post-thumbnail","6":"product_cat-fibras-sinteticas-jamon-y-cecinas","7":"product_cat-fundas","8":"product_cat-jamon-y-cecinas","9":"product_cat-jamones-cecinas-y-vacunos","10":"product_cat-tejido-personalizado","11":"product_cat-carnicas","13":"first","14":"instock","15":"sale","16":"taxable","17":"shipping-taxable","18":"purchasable","19":"product-type-simple"},"tiered_pricing_type":"fixed","tiered_pricing_fixed_rules":[],"tiered_pricing_product_settings":{"layout":"default","base_unit_name":{"singular":null,"plural":null},"default_variation":null},"tiered_pricing_minimum_quantity":null,"tiered_pricing_roles_data":[],"tiered_pricing_percentage_rules":[],"_links":{"self":[{"href":"https:\/\/hilaturasegea.com\/fr\/wp-json\/wp\/v2\/product\/4233","targetHints":{"allow":["GET"]}}],"collection":[{"href":"https:\/\/hilaturasegea.com\/fr\/wp-json\/wp\/v2\/product"}],"about":[{"href":"https:\/\/hilaturasegea.com\/fr\/wp-json\/wp\/v2\/types\/product"}],"wp:featuredmedia":[{"embeddable":true,"href":"https:\/\/hilaturasegea.com\/fr\/wp-json\/wp\/v2\/media\/4221"}],"wp:attachment":[{"href":"https:\/\/hilaturasegea.com\/fr\/wp-json\/wp\/v2\/media?parent=4233"}],"wp:term":[{"taxonomy":"product_brand","embeddable":true,"href":"https:\/\/hilaturasegea.com\/fr\/wp-json\/wp\/v2\/product_brand?post=4233"},{"taxonomy":"product_cat","embeddable":true,"href":"https:\/\/hilaturasegea.com\/fr\/wp-json\/wp\/v2\/product_cat?post=4233"},{"taxonomy":"product_tag","embeddable":true,"href":"https:\/\/hilaturasegea.com\/fr\/wp-json\/wp\/v2\/product_tag?post=4233"}],"curies":[{"name":"wp","href":"https:\/\/api.w.org\/{rel}","templated":true}]}}