{"id":4281,"date":"2025-04-09T17:51:41","date_gmt":"2025-04-09T15:51:41","guid":{"rendered":"https:\/\/hilaturasegea.com\/?post_type=product&#038;p=4281"},"modified":"2025-05-19T18:07:00","modified_gmt":"2025-05-19T16:07:00","slug":"film-preestirado-manual-2","status":"publish","type":"product","link":"https:\/\/hilaturasegea.com\/fr\/produit\/film-preestirado-manual-2\/","title":{"rendered":"Film pr\u00e9-\u00e9tir\u00e9 manuel"},"content":{"rendered":"<p><img fetchpriority=\"high\" decoding=\"async\" src=\"https:\/\/hilaturasegea.com\/img\/cms\/FILM%20PREESTIRADO%20MANUAL%20NEGRO%201%20-%20copia.jpg\" alt=\"\" width=\"666\" height=\"239\" \/><\/p>\n<p style=\"margin-top:0cm;text-align:justify;line-height:19.5pt;background:#FFFFFF;\"><strong><span style=\"font-size:10.5pt;\">M\u00c8TRES MINIMUM UNE FOIS APPLIQU\u00c9 : 350 m<\/span><\/strong><span style=\"font-size:10.5pt;\"><\/span><\/p>\n<\/p>\n<p style=\"margin-top:0cm;text-align:justify;line-height:19.5pt;background:#FFFFFF;margin-bottom:1rem;\"><strong><span style=\"font-size:10.5pt;\">COMPOSITION:\u00a0<\/span><\/strong><span style=\"font-size:10.5pt;\">Film de poly\u00e9thyl\u00e8ne<\/span><\/p>\n<\/p>\n<p style=\"margin-top:0cm;text-align:justify;line-height:19.5pt;background:#FFFFFF;margin-bottom:1rem;\"><strong><span style=\"font-size:10.5pt;\">CARACT\u00c9RISTIQUES:<\/span><\/strong><span style=\"font-size:10.5pt;\">\u00a0Gr\u00e2ce au pr\u00e9-\u00e9tirage manuel sup\u00e9rieur du 200%, lors de son utilisation dans le processus d&#039;emballage des marchandises, l&#039;op\u00e9rateur peut faire varier la tension d&#039;emballage appliqu\u00e9e au produit en fonction de ses caract\u00e9ristiques particuli\u00e8res.<\/span><\/p>\n<\/p>\n<p style=\"margin-top:0cm;text-align:justify;line-height:19.5pt;background:#FFFFFF;margin-bottom:1rem;\"><strong><span style=\"font-size:10.5pt;\">SERVICES PUBLICS :<\/span><\/strong><span style=\"font-size:10.5pt;\">\u00a0L&#039;\u00e9lasticit\u00e9 mentionn\u00e9e ci-dessus, combin\u00e9e \u00e0 ses propri\u00e9t\u00e9s auto-adh\u00e9sives sp\u00e9ciales, fait de ce plastique unique un produit unique pour l&#039;emballage de tout type de mat\u00e9riau, en particulier pour la palettisation des charges, nous permettant de regrouper les produits finis pour le stockage.<\/span><\/p><\/p>","protected":false},"excerpt":{"rendered":"<p><b><span style=\"text-decoration:underline;\"><span style=\"font-size:13.5pt;font-family:Verdana, 'sans-serif';color:#000000;\">Pr\u00e9sentation:<\/span><\/span><\/b><\/p>\n<p class=\"MsoNormal\" style=\"line-height:normal;\"><span style=\"font-size:13.5pt;font-family:Verdana, 'sans-serif';color:#000000;\">Bo\u00eete de 8 unit\u00e9s<\/span><\/p>\n<p class=\"MsoNormal\" style=\"line-height:normal;\"><span style=\"font-size:8.5pt;font-family:Verdana, 'sans-serif';color:#000000;\">\u00a0<\/span><\/p>\n<p class=\"MsoNormal\" style=\"line-height:normal;\"><b><span style=\"text-decoration:underline;\"><span style=\"font-size:13.5pt;font-family:Verdana, 'sans-serif';color:#000000;\">Caract\u00e9ristiques:<\/span><\/span><\/b><\/p>\n<p class=\"MsoNormal\" style=\"line-height:normal;\"><span style=\"font-size:13.5pt;font-family:Verdana, 'sans-serif';color:#000000;\">Formats disponibles : Blanc, transparent et noir<\/span><\/p>\n<p class=\"MsoNormal\" style=\"line-height:normal;\"><span style=\"font-size:13.5pt;font-family:Verdana, 'sans-serif';color:#000000;\">\u00c9paisseur de 23 microns<\/span><\/p>\n<p class=\"MsoNormal\" style=\"line-height:normal;\"><span style=\"font-size:13.5pt;font-family:Verdana, 'sans-serif';color:#000000;\">Mesure de 500 mm<\/span><\/p>\n<p class=\"MsoNormal\" style=\"line-height:normal;\"><span style=\"font-size:13.5pt;font-family:Verdana, 'sans-serif';color:#000000;\">140 m\u00e8tres lin\u00e9aires<\/span><\/p>\n<p class=\"MsoNormal\" style=\"line-height:normal;\"><span style=\"font-size:13.5pt;font-family:Verdana, 'sans-serif';color:#000000;\">Pr\u00e9-\u00e9tir\u00e9 sur 200 %<\/span><\/p>\n<p class=\"MsoNormal\" style=\"line-height:normal;\"><span style=\"font-size:13.5pt;font-family:Verdana, 'sans-serif';color:#000000;\">Poids de la bobine 1,4 kg<\/span><\/p>","protected":false},"featured_media":4275,"template":"","meta":[],"product_brand":[],"product_cat":[1395,981,1054,1271,969],"product_tag":[],"class_list":{"0":"post-4281","1":"product","2":"type-product","3":"status-publish","4":"has-post-thumbnail","6":"product_cat-blanco-transparente-y-negro","7":"product_cat-embalaje","8":"product_cat-film-paletizar","9":"product_cat-manual","10":"product_cat-carnicas","12":"first","13":"instock","14":"sale","15":"taxable","16":"shipping-taxable","17":"purchasable","18":"product-type-simple"},"tiered_pricing_type":"fixed","tiered_pricing_fixed_rules":[],"tiered_pricing_product_settings":{"layout":"default","base_unit_name":{"singular":null,"plural":null},"default_variation":null},"tiered_pricing_minimum_quantity":null,"tiered_pricing_roles_data":[],"tiered_pricing_percentage_rules":[],"_links":{"self":[{"href":"https:\/\/hilaturasegea.com\/fr\/wp-json\/wp\/v2\/product\/4281","targetHints":{"allow":["GET"]}}],"collection":[{"href":"https:\/\/hilaturasegea.com\/fr\/wp-json\/wp\/v2\/product"}],"about":[{"href":"https:\/\/hilaturasegea.com\/fr\/wp-json\/wp\/v2\/types\/product"}],"wp:featuredmedia":[{"embeddable":true,"href":"https:\/\/hilaturasegea.com\/fr\/wp-json\/wp\/v2\/media\/4275"}],"wp:attachment":[{"href":"https:\/\/hilaturasegea.com\/fr\/wp-json\/wp\/v2\/media?parent=4281"}],"wp:term":[{"taxonomy":"product_brand","embeddable":true,"href":"https:\/\/hilaturasegea.com\/fr\/wp-json\/wp\/v2\/product_brand?post=4281"},{"taxonomy":"product_cat","embeddable":true,"href":"https:\/\/hilaturasegea.com\/fr\/wp-json\/wp\/v2\/product_cat?post=4281"},{"taxonomy":"product_tag","embeddable":true,"href":"https:\/\/hilaturasegea.com\/fr\/wp-json\/wp\/v2\/product_tag?post=4281"}],"curies":[{"name":"wp","href":"https:\/\/api.w.org\/{rel}","templated":true}]}}