{"id":4289,"date":"2025-04-09T17:51:41","date_gmt":"2025-04-09T15:51:41","guid":{"rendered":"https:\/\/hilaturasegea.com\/?post_type=product&#038;p=4289"},"modified":"2025-05-19T18:07:00","modified_gmt":"2025-05-19T16:07:00","slug":"film-preestirado-perforado-manual-especial-sector-carnicas","status":"publish","type":"product","link":"https:\/\/hilaturasegea.com\/fr\/produit\/film-preestirado-perforado-manual-especial-sector-carnicas\/","title":{"rendered":"Film pr\u00e9-\u00e9tir\u00e9 perfor\u00e9 manuellement (Sp\u00e9cial pour le secteur de la viande)"},"content":{"rendered":"<p style=\"margin-top:0px;margin-bottom:1rem;color:#777777;font-family:Poppins, sans-serif;font-size:14px;text-align:justify;background-color:#ffffff;\"><span style=\"font-weight:bolder;\"><img fetchpriority=\"high\" decoding=\"async\" src=\"https:\/\/hilaturasegea.com\/img\/cms\/FILM%20PREESTIRADO%20MANUAL%20NEGRO%201%20-%20copia.jpg\" alt=\"\" width=\"666\" height=\"239\" \/><\/span><\/p>\n<p style=\"margin-top:0px;margin-bottom:1rem;color:#777777;font-family:Poppins, sans-serif;font-size:14px;text-align:justify;background-color:#ffffff;\"><span style=\"font-weight:bolder;\">LE FROID : IL NE CR\u00c9E PAS DE BARRI\u00c8RE, PERMETTANT AU FROID DE PASSER PARFAITEMENT JUSQU&#039;AU NOYAU.<\/span><\/p>\n<p style=\"margin-top:0px;margin-bottom:1rem;color:#777777;font-family:Poppins, sans-serif;font-size:14px;text-align:justify;background-color:#ffffff;\"><span style=\"font-weight:bolder;\">CHALEUR : LAISSER SORTIR LA CHALEUR EN \u00c9VITANT LA CONDENSATION.<\/span><\/p>\n<p style=\"margin-top:0px;margin-bottom:1rem;color:#777777;font-family:Poppins, sans-serif;font-size:14px;text-align:justify;background-color:#ffffff;\"><span style=\"font-weight:bolder;\">\u00a0<\/span><\/p>\n<p style=\"margin-top:0px;margin-bottom:1rem;color:#777777;font-family:Poppins, sans-serif;font-size:14px;text-align:justify;background-color:#ffffff;\"><span style=\"font-weight:bolder;\">M\u00c8TRES MINIMUM UNE FOIS APPLIQU\u00c9 : 350 m<\/span><\/p>\n<p style=\"margin-top:0px;margin-bottom:1rem;color:#777777;font-family:Poppins, sans-serif;font-size:14px;text-align:justify;background-color:#ffffff;\"><span style=\"font-weight:bolder;\">COMPOSITION:\u00a0<\/span>Film de poly\u00e9thyl\u00e8ne<\/p>\n<p style=\"margin-top:0px;margin-bottom:1rem;color:#777777;font-family:Poppins, sans-serif;font-size:14px;text-align:justify;background-color:#ffffff;\"><span style=\"font-weight:bolder;\">CARACT\u00c9RISTIQUES:<\/span>\u00a0Gr\u00e2ce au pr\u00e9-\u00e9tirage manuel sup\u00e9rieur du 200%, lors de son utilisation dans le processus d&#039;emballage des marchandises, l&#039;op\u00e9rateur peut faire varier la tension d&#039;emballage appliqu\u00e9e au produit en fonction de ses caract\u00e9ristiques particuli\u00e8res.<\/p>\n<p style=\"margin-top:0px;margin-bottom:1rem;color:#777777;font-family:Poppins, sans-serif;font-size:14px;text-align:justify;background-color:#ffffff;\"><span style=\"font-weight:bolder;\">SERVICES PUBLICS :<\/span>\u00a0L&#039;\u00e9lasticit\u00e9 mentionn\u00e9e ci-dessus, combin\u00e9e \u00e0 ses propri\u00e9t\u00e9s auto-adh\u00e9sives sp\u00e9ciales, fait de ce plastique unique un produit unique pour l&#039;emballage de tout type de mat\u00e9riau, en particulier pour la palettisation des charges, nous permettant de regrouper les produits finis pour le stockage.<\/p>","protected":false},"excerpt":{"rendered":"<p class=\"MsoNormal\" style=\"line-height:normal;\"><b><span style=\"text-decoration:underline;\"><span style=\"font-size:13.5pt;font-family:Verdana, 'sans-serif';color:#000000;\">Pr\u00e9sentation:<\/span><\/span><\/b><\/p>\n<p class=\"MsoNormal\" style=\"line-height:normal;\"><span style=\"font-size:13.5pt;font-family:Verdana, 'sans-serif';color:#000000;\">Bo\u00eete de 8 unit\u00e9s<\/span><\/p>\n<p class=\"MsoNormal\" style=\"line-height:normal;\"><span style=\"font-size:8.5pt;font-family:Verdana, 'sans-serif';color:#000000;\">\u00a0<\/span><\/p>\n<p class=\"MsoNormal\" style=\"line-height:normal;\"><b><span style=\"text-decoration:underline;\"><span style=\"font-size:13.5pt;font-family:Verdana, 'sans-serif';color:#000000;\">Caract\u00e9ristiques:<\/span><\/span><\/b><\/p>\n<p class=\"MsoNormal\" style=\"line-height:normal;\"><span style=\"font-size:13.5pt;font-family:Verdana, 'sans-serif';color:#000000;\">Formats disponibles : Transparent perfor\u00e9<\/span><\/p>\n<p class=\"MsoNormal\" style=\"line-height:normal;\"><span style=\"font-size:13.5pt;font-family:Verdana, 'sans-serif';color:#000000;\">\u00c9paisseur de 34 microns<\/span><\/p>\n<p class=\"MsoNormal\" style=\"line-height:normal;\"><span style=\"font-size:13.5pt;font-family:Verdana, 'sans-serif';color:#000000;\">Mesure de 500 mm<\/span><\/p>\n<p class=\"MsoNormal\" style=\"line-height:normal;\"><span style=\"font-size:13.5pt;font-family:Verdana, 'sans-serif';color:#000000;\">150 m\u00e8tres lin\u00e9aires<\/span><\/p>\n<p class=\"MsoNormal\" style=\"line-height:normal;\"><span style=\"font-size:13.5pt;font-family:Verdana, 'sans-serif';color:#000000;\">Pr\u00e9-\u00e9tir\u00e9 sur 200 %<\/span><\/p>\n<p class=\"MsoNormal\" style=\"line-height:normal;\"><span style=\"font-size:13.5pt;font-family:Verdana, 'sans-serif';color:#000000;\">Poids de la bobine de 2 kg<\/span><\/p>","protected":false},"featured_media":4287,"template":"","meta":[],"product_brand":[],"product_cat":[981,1054,1271,1396,969],"product_tag":[],"class_list":{"0":"post-4289","1":"product","2":"type-product","3":"status-publish","4":"has-post-thumbnail","6":"product_cat-embalaje","7":"product_cat-film-paletizar","8":"product_cat-manual","9":"product_cat-transparente-perforado-especial-sector-carnicas-manual","10":"product_cat-carnicas","12":"first","13":"instock","14":"sale","15":"taxable","16":"shipping-taxable","17":"purchasable","18":"product-type-simple"},"tiered_pricing_type":"fixed","tiered_pricing_fixed_rules":[],"tiered_pricing_product_settings":{"layout":"default","base_unit_name":{"singular":null,"plural":null},"default_variation":null},"tiered_pricing_minimum_quantity":null,"tiered_pricing_roles_data":[],"tiered_pricing_percentage_rules":[],"_links":{"self":[{"href":"https:\/\/hilaturasegea.com\/fr\/wp-json\/wp\/v2\/product\/4289","targetHints":{"allow":["GET"]}}],"collection":[{"href":"https:\/\/hilaturasegea.com\/fr\/wp-json\/wp\/v2\/product"}],"about":[{"href":"https:\/\/hilaturasegea.com\/fr\/wp-json\/wp\/v2\/types\/product"}],"wp:featuredmedia":[{"embeddable":true,"href":"https:\/\/hilaturasegea.com\/fr\/wp-json\/wp\/v2\/media\/4287"}],"wp:attachment":[{"href":"https:\/\/hilaturasegea.com\/fr\/wp-json\/wp\/v2\/media?parent=4289"}],"wp:term":[{"taxonomy":"product_brand","embeddable":true,"href":"https:\/\/hilaturasegea.com\/fr\/wp-json\/wp\/v2\/product_brand?post=4289"},{"taxonomy":"product_cat","embeddable":true,"href":"https:\/\/hilaturasegea.com\/fr\/wp-json\/wp\/v2\/product_cat?post=4289"},{"taxonomy":"product_tag","embeddable":true,"href":"https:\/\/hilaturasegea.com\/fr\/wp-json\/wp\/v2\/product_tag?post=4289"}],"curies":[{"name":"wp","href":"https:\/\/api.w.org\/{rel}","templated":true}]}}