{"id":4299,"date":"2025-04-09T17:51:41","date_gmt":"2025-04-09T15:51:41","guid":{"rendered":"https:\/\/hilaturasegea.com\/?post_type=product&#038;p=4299"},"modified":"2025-05-19T18:07:00","modified_gmt":"2025-05-19T16:07:00","slug":"precinto-pp-48-x-132mm-manual-anonimo","status":"publish","type":"product","link":"https:\/\/hilaturasegea.com\/fr\/produit\/precinto-pp-48-x-132mm-manual-anonimo\/","title":{"rendered":"Joint PP 48 mm x 132 m \/ Manuel anonyme"},"content":{"rendered":"<p class=\"MsoNormal\" style=\"line-height:normal;\"><b><span><span style=\"font-size:13.5pt;font-family:Verdana, sans-serif;\">Composition:<\/span><\/span><\/b><\/p>\n<p class=\"MsoNormal\" style=\"line-height:normal;\"><span style=\"font-size:13.5pt;font-family:Verdana, sans-serif;\">Support en feuille de polypropyl\u00e8ne bi-orient\u00e9 transparent, adh\u00e9sif en caoutchouc naturel et r\u00e9sines hydrocarbon\u00e9es.<\/span><\/p>\n<p class=\"MsoNormal\" style=\"line-height:normal;\"><span style=\"font-size:13.5pt;font-family:Verdana, sans-serif;\">\u00a0<\/span><\/p>\n<p class=\"MsoNormal\" style=\"line-height:normal;\"><b><span><span style=\"font-size:13.5pt;font-family:Verdana, sans-serif;\">Caract\u00e9ristiques:<\/span><\/span><\/b><\/p>\n<p class=\"MsoNormal\" style=\"line-height:normal;\"><span style=\"font-size:13.5pt;font-family:Verdana, sans-serif;\">Excellente adh\u00e9rence, adh\u00e9rence longue dur\u00e9e, excellente adh\u00e9rence m\u00eame sur cartons recycl\u00e9s.<\/span><\/p>\n<p class=\"MsoNormal\" style=\"line-height:normal;\"><span style=\"font-size:13.5pt;font-family:Verdana, sans-serif;\">\u00a0<\/span><\/p>\n<p class=\"MsoNormal\" style=\"line-height:normal;\"><b><span><span style=\"font-size:13.5pt;font-family:Verdana, sans-serif;\">Utilitaires :<\/span><\/span><\/b><\/p>\n<p class=\"MsoNormal\" style=\"line-height:normal;\"><span style=\"font-size:13.5pt;font-family:Verdana, sans-serif;\">Ruban adh\u00e9sif adapt\u00e9 \u00e0 la fermeture de tous types de bo\u00eetes en carton et de contenants en plastique \u00e0 usage manuel.<\/span><\/p>","protected":false},"excerpt":{"rendered":"<p><span>\u00a0<\/span><\/p>\n<p><span>\u00a0<\/span><\/p>\n<p><span><\/span><\/p>\n<p><b><span style=\"text-decoration:underline;\"><span style=\"font-size:13.5pt;font-family:Verdana, 'sans-serif';color:#000000;\">Pr\u00e9sentation:<\/span><\/span><\/b><\/p>\n<p class=\"MsoNormal\" style=\"line-height:normal;\"><span style=\"font-size:13.5pt;font-family:Verdana, 'sans-serif';color:#000000;\">Bo\u00eete de 36 unit\u00e9s<\/span><\/p>\n<p class=\"MsoNormal\" style=\"line-height:normal;\"><span style=\"font-size:13.5pt;font-family:Verdana, 'sans-serif';color:#000000;\">\u00a0<\/span><\/p>\n<p class=\"MsoNormal\" style=\"line-height:normal;\"><b><span style=\"text-decoration:underline;\"><span style=\"font-size:13.5pt;font-family:Verdana, 'sans-serif';color:#000000;\">Couleurs disponibles :<\/span><\/span><\/b><\/p>\n<p class=\"MsoNormal\" style=\"line-height:normal;\"><span style=\"font-size:13.5pt;font-family:Verdana, 'sans-serif';color:#000000;\"><\/span><\/p>\n<p class=\"MsoNormal\" style=\"line-height:normal;\"><span style=\"font-size:13.5pt;font-family:Verdana, 'sans-serif';color:#000000;\">Transparent (Adh\u00e9sif sp\u00e9cial pour le froid)<\/span><\/p>\n<p class=\"MsoNormal\" style=\"line-height:normal;\"><span style=\"font-size:13.5pt;font-family:Verdana, 'sans-serif';color:#000000;\">Blanc<\/span><\/p>\n<p class=\"MsoNormal\" style=\"line-height:normal;\"><span style=\"font-size:13.5pt;font-family:Verdana, 'sans-serif';color:#000000;\">Brun<\/span><\/p>","protected":false},"featured_media":4293,"template":"","meta":[],"product_brand":[],"product_cat":[1438,981,1398,1272,1073,969],"product_tag":[],"class_list":{"0":"post-4299","1":"product","2":"type-product","3":"status-publish","4":"has-post-thumbnail","6":"product_cat-anonimo-manual-pp-pp","7":"product_cat-embalaje","8":"product_cat-manual-pp","9":"product_cat-pp","10":"product_cat-precinto","11":"product_cat-carnicas","13":"first","14":"instock","15":"sale","16":"taxable","17":"shipping-taxable","18":"purchasable","19":"product-type-simple"},"tiered_pricing_type":"fixed","tiered_pricing_fixed_rules":[],"tiered_pricing_product_settings":{"layout":"default","base_unit_name":{"singular":null,"plural":null},"default_variation":null},"tiered_pricing_minimum_quantity":null,"tiered_pricing_roles_data":[],"tiered_pricing_percentage_rules":[],"_links":{"self":[{"href":"https:\/\/hilaturasegea.com\/fr\/wp-json\/wp\/v2\/product\/4299","targetHints":{"allow":["GET"]}}],"collection":[{"href":"https:\/\/hilaturasegea.com\/fr\/wp-json\/wp\/v2\/product"}],"about":[{"href":"https:\/\/hilaturasegea.com\/fr\/wp-json\/wp\/v2\/types\/product"}],"wp:featuredmedia":[{"embeddable":true,"href":"https:\/\/hilaturasegea.com\/fr\/wp-json\/wp\/v2\/media\/4293"}],"wp:attachment":[{"href":"https:\/\/hilaturasegea.com\/fr\/wp-json\/wp\/v2\/media?parent=4299"}],"wp:term":[{"taxonomy":"product_brand","embeddable":true,"href":"https:\/\/hilaturasegea.com\/fr\/wp-json\/wp\/v2\/product_brand?post=4299"},{"taxonomy":"product_cat","embeddable":true,"href":"https:\/\/hilaturasegea.com\/fr\/wp-json\/wp\/v2\/product_cat?post=4299"},{"taxonomy":"product_tag","embeddable":true,"href":"https:\/\/hilaturasegea.com\/fr\/wp-json\/wp\/v2\/product_tag?post=4299"}],"curies":[{"name":"wp","href":"https:\/\/api.w.org\/{rel}","templated":true}]}}