{"id":4311,"date":"2025-04-09T17:51:42","date_gmt":"2025-04-09T15:51:42","guid":{"rendered":"https:\/\/hilaturasegea.com\/?post_type=product&#038;p=4311"},"modified":"2025-05-19T18:07:00","modified_gmt":"2025-05-19T16:07:00","slug":"precinto-pvc-manual-2","status":"publish","type":"product","link":"https:\/\/hilaturasegea.com\/fr\/produit\/precinto-pvc-manual-2\/","title":{"rendered":"Joint PVC manuel"},"content":{"rendered":"<p class=\"MsoNormal\" style=\"line-height:normal;\"><b><span style=\"font-size:13.5pt;font-family:Verdana, 'sans-serif';color:#000000;\">Composition:<\/span><\/b><span style=\"font-size:8.5pt;font-family:Verdana, 'sans-serif';color:#000000;\"><\/span><\/p>\n<\/p>\n<p class=\"MsoNormal\" style=\"line-height:normal;\"><span style=\"font-size:13.5pt;font-family:Verdana, 'sans-serif';color:#000000;\">Support en feuille PVC transparente, adh\u00e9sif en caoutchouc naturel et r\u00e9sines hydrocarbon\u00e9es.<\/span><span style=\"font-size:8.5pt;font-family:Verdana, 'sans-serif';color:#000000;\"><\/span><\/p>\n<\/p>\n<p class=\"MsoNormal\" style=\"line-height:normal;\"><span style=\"font-size:13.5pt;font-family:Verdana, 'sans-serif';color:#000000;\">\u00a0<\/span><span style=\"font-size:8.5pt;font-family:Verdana, 'sans-serif';color:#000000;\"><\/span><\/p>\n<\/p>\n<p class=\"MsoNormal\" style=\"line-height:normal;\"><b><span style=\"font-size:13.5pt;font-family:Verdana, 'sans-serif';color:#000000;\">Caract\u00e9ristiques:<\/span><\/b><span style=\"font-size:8.5pt;font-family:Verdana, 'sans-serif';color:#000000;\"><\/span><\/p>\n<\/p>\n<p class=\"MsoNormal\" style=\"line-height:normal;\"><span style=\"font-size:13.5pt;font-family:Verdana, 'sans-serif';color:#000000;\">Excellente adh\u00e9rence, adh\u00e9rence longue dur\u00e9e, excellente adh\u00e9rence m\u00eame sur cartons recycl\u00e9s.<\/span><span style=\"font-size:8.5pt;font-family:Verdana, 'sans-serif';color:#000000;\"><\/span><\/p>\n<\/p>\n<p class=\"MsoNormal\" style=\"line-height:normal;\"><span style=\"font-size:13.5pt;font-family:Verdana, 'sans-serif';color:#000000;\">\u00a0<\/span><span style=\"font-size:8.5pt;font-family:Verdana, 'sans-serif';color:#000000;\"><\/span><\/p>\n<\/p>\n<p class=\"MsoNormal\" style=\"line-height:normal;\"><b><span style=\"font-size:13.5pt;font-family:Verdana, 'sans-serif';color:#000000;\">Utilitaires :<\/span><\/b><span style=\"font-size:8.5pt;font-family:Verdana, 'sans-serif';color:#000000;\"><\/span><\/p>\n<\/p>\n<p class=\"MsoNormal\" style=\"line-height:normal;\"><span style=\"font-size:13.5pt;font-family:Verdana, 'sans-serif';color:#000000;\">Ruban adh\u00e9sif adapt\u00e9 \u00e0 la fermeture de tous types de bo\u00eetes en carton et de contenants en plastique \u00e0 usage manuel.<\/span><span style=\"font-size:8.5pt;font-family:Verdana, 'sans-serif';color:#000000;\"><\/span><\/p><\/p>","protected":false},"excerpt":{"rendered":"<p class=\"MsoNormal\" style=\"line-height:normal;\"><span style=\"font-size:8.5pt;font-family:Verdana, 'sans-serif';color:#000000;\">\u00a0<\/span><\/p>\n<\/p>\n<p class=\"MsoNormal\" style=\"line-height:normal;\"><span style=\"font-size:8.5pt;font-family:Verdana, 'sans-serif';color:#000000;\">\u00a0<\/span><\/p>\n<\/p>\n<p class=\"MsoNormal\" style=\"line-height:normal;\">\n<p>\u00a0<\/p>\n<p class=\"MsoNormal\" style=\"line-height:normal;\"><b><span style=\"text-decoration:underline;\"><span style=\"font-size:13.5pt;font-family:Verdana, 'sans-serif';color:#000000;\">Pr\u00e9sentation:<\/span><\/span><\/b><span style=\"font-size:8.5pt;font-family:Verdana, 'sans-serif';color:#000000;\"><\/span><\/p>\n<\/p>\n<p class=\"MsoNormal\" style=\"line-height:normal;\"><span style=\"font-size:13.5pt;font-family:Verdana, 'sans-serif';color:#000000;\">Bo\u00eete de 36 unit\u00e9s<\/span><span style=\"font-size:8.5pt;font-family:Verdana, 'sans-serif';color:#000000;\"><\/span><\/p>\n<\/p>\n<p class=\"MsoNormal\" style=\"line-height:normal;\"><span style=\"font-size:13.5pt;font-family:Verdana, 'sans-serif';color:#000000;\">\u00a0<\/span><span style=\"font-size:8.5pt;font-family:Verdana, 'sans-serif';color:#000000;\"><\/span><\/p>\n<\/p>\n<p class=\"MsoNormal\" style=\"line-height:normal;\"><span style=\"text-decoration:underline;\"><b><span style=\"font-size:13.5pt;font-family:Verdana, sans-serif;color:#000000;text-decoration:underline;\">Couleurs disponibles :<\/span><\/b><\/span><span style=\"font-size:8.5pt;font-family:Verdana, 'sans-serif';color:#000000;\"><\/span><\/p>\n<\/p>\n<p class=\"MsoNormal\" style=\"line-height:normal;\"><span style=\"font-size:13.5pt;font-family:Verdana, 'sans-serif';color:#000000;\">Transparent<\/span><span style=\"font-size:8.5pt;font-family:Verdana, 'sans-serif';color:#000000;\"><\/span><\/p>\n<\/p>\n<p class=\"MsoNormal\" style=\"line-height:normal;\"><span style=\"font-size:13.5pt;font-family:Verdana, 'sans-serif';color:#000000;\">Blanc<\/span><span style=\"font-size:8.5pt;font-family:Verdana, 'sans-serif';color:#000000;\"><\/span><\/p>\n<\/p>\n<p class=\"MsoNormal\" style=\"line-height:normal;\"><span style=\"font-size:13.5pt;font-family:Verdana, 'sans-serif';color:#000000;\">Brun<\/span><\/p>","protected":false},"featured_media":4305,"template":"","meta":[],"product_brand":[],"product_cat":[981,1399,1294,1073,969],"product_tag":[],"class_list":{"0":"post-4311","1":"product","2":"type-product","3":"status-publish","4":"has-post-thumbnail","6":"product_cat-embalaje","7":"product_cat-manual-pvc-precinto","8":"product_cat-pvc-precinto","9":"product_cat-precinto","10":"product_cat-carnicas","12":"first","13":"instock","14":"sale","15":"taxable","16":"shipping-taxable","17":"purchasable","18":"product-type-simple"},"tiered_pricing_type":"fixed","tiered_pricing_fixed_rules":[],"tiered_pricing_product_settings":{"layout":"default","base_unit_name":{"singular":null,"plural":null},"default_variation":null},"tiered_pricing_minimum_quantity":null,"tiered_pricing_roles_data":[],"tiered_pricing_percentage_rules":[],"_links":{"self":[{"href":"https:\/\/hilaturasegea.com\/fr\/wp-json\/wp\/v2\/product\/4311","targetHints":{"allow":["GET"]}}],"collection":[{"href":"https:\/\/hilaturasegea.com\/fr\/wp-json\/wp\/v2\/product"}],"about":[{"href":"https:\/\/hilaturasegea.com\/fr\/wp-json\/wp\/v2\/types\/product"}],"wp:featuredmedia":[{"embeddable":true,"href":"https:\/\/hilaturasegea.com\/fr\/wp-json\/wp\/v2\/media\/4305"}],"wp:attachment":[{"href":"https:\/\/hilaturasegea.com\/fr\/wp-json\/wp\/v2\/media?parent=4311"}],"wp:term":[{"taxonomy":"product_brand","embeddable":true,"href":"https:\/\/hilaturasegea.com\/fr\/wp-json\/wp\/v2\/product_brand?post=4311"},{"taxonomy":"product_cat","embeddable":true,"href":"https:\/\/hilaturasegea.com\/fr\/wp-json\/wp\/v2\/product_cat?post=4311"},{"taxonomy":"product_tag","embeddable":true,"href":"https:\/\/hilaturasegea.com\/fr\/wp-json\/wp\/v2\/product_tag?post=4311"}],"curies":[{"name":"wp","href":"https:\/\/api.w.org\/{rel}","templated":true}]}}