{"id":4322,"date":"2024-07-05T17:55:43","date_gmt":"2024-07-05T17:55:43","guid":{"rendered":"https:\/\/hilaturasegea.com\/index.php\/producto\/cesped-25-mm\/"},"modified":"2025-05-19T18:07:01","modified_gmt":"2025-05-19T16:07:01","slug":"cesped-25-mm","status":"publish","type":"product","link":"https:\/\/hilaturasegea.com\/fr\/produit\/cesped-25-mm\/","title":{"rendered":"Herbe \/ 25 mm"},"content":{"rendered":"<p><strong>Mesures Consultez!<\/strong><strong><\/strong><\/p>\n<p><strong>CARACT\u00c9RISTIQUES TECHNIQUES<\/strong><\/p>\n<p><strong>PRODUIT<\/strong>\u00a0UTILISATION D\u00c9CORATIVE \/ R\u00c9CR\u00c9ATIVE DU JARDIN<\/p>\n<p><strong>QUALIT\u00c9 DU FIL (DTEX)<\/strong>\u00a0COMBINAISON DE FIBRE PE LISSE ET DE FIBRE PE BOUCL\u00c9E 11\u00a0500 DTEX<\/p>\n<p><strong>MAT\u00c9RIAU DU FIL<\/strong>\u00a0Fil monofilament PE + PE r\u00e9sistant aux UV<\/p>\n<p><strong>HAUTEUR DU FIL<\/strong> 25 mm (+ 5 %)<\/p>\n<p><strong>CALIBRE<\/strong>\u00a03\/8\u201d<\/p>\n<p><strong>D\u00c9GEL<\/strong>\u00a017 850 m2 (+ 5 %)<\/p>\n<p><strong>POIDS DU FIL (g\/m2)<\/strong>\u00a01,024 g (+ 10 %)<\/p>\n<p><strong>PERM\u00c9ABILIT\u00c9 \u00c0 L&#039;EAU<\/strong>\u00a040 l\/m2<\/p>\n<p><strong>POIDS TOTAL (g\/m2)<\/strong> 2.050 (+ 10%)<\/p>\n<p><strong>BASE PRIMAIRE<\/strong>\u00a0R\u00c9SISTANT AUX UV 120 g\/m2<\/p>\n<p><strong>BASE SECONDAIRE<\/strong>\u00a0TST 90 g\/m2<\/p>\n<p><strong>COUCHE ADH\u00c9SIVE<\/strong>\u00a0LATEX + CAOUTCHOUC STURENE \u2013 BUTADI\u00c8NE BASIQUE<\/p>\n<p><strong>COULEURS<\/strong>\u00a03 TONS<\/p>\n<p><strong>R\u00c9SISTANCE AU FEU<\/strong>\u00a0DIN 51960 CLASSE 2 INFLAMMABLE<\/p>\n<p><strong>GARANTIE<\/strong>\u00a05 ANS<\/p>","protected":false},"excerpt":{"rendered":"<p>Medidas \u00a1Consultar! CARACTER\u00cdSTICAS T\u00c9CNICAS PRODUCTO\u00a0USO JARD\u00cdN DECORATIVO \/ RECREATIVO CALIDAD HILO (DTEX)\u00a0COMBINACI\u00d3N FIBRA LISA PE Y RIZADA PE 11.500 DTEX MATERIAL HILO\u00a0HILO MONOFILAMENTOS PE + PE RESISTENTE UV ALTURA HILO 25 mm (+ 5 %) CALIBRE\u00a03\/8\u201d PUNZADAS\u00a017.850 m2 (+ 5 %) PESO HILO (g\/m2)\u00a01.024 g (+ 10 %) PERMEABILIDAD AL AGUA\u00a040 l\/m2 PESO TOTAL (g\/m2) [&hellip;]<\/p>","protected":false},"featured_media":4318,"template":"","meta":[],"product_brand":[],"product_cat":[965,1063,1307,984],"product_tag":[],"class_list":{"0":"post-4322","1":"product","2":"type-product","3":"status-publish","4":"has-post-thumbnail","6":"product_cat-ferreteria","7":"product_cat-cesped","8":"product_cat-25-mm","9":"product_cat-otros-articulos-ferreteria","10":"pa_alturacesped-25mm","11":"pa_garantiacesped-5anos","12":"pa_pesocesped-2_050kgm2","14":"first","15":"instock","16":"sale","17":"taxable","18":"shipping-taxable","19":"purchasable","20":"product-type-variable","21":"has-default-attributes"},"tiered_pricing_type":"fixed","tiered_pricing_fixed_rules":[],"tiered_pricing_product_settings":{"layout":"default","base_unit_name":{"singular":null,"plural":null},"default_variation":null},"tiered_pricing_minimum_quantity":null,"tiered_pricing_roles_data":[],"tiered_pricing_percentage_rules":[],"_links":{"self":[{"href":"https:\/\/hilaturasegea.com\/fr\/wp-json\/wp\/v2\/product\/4322","targetHints":{"allow":["GET"]}}],"collection":[{"href":"https:\/\/hilaturasegea.com\/fr\/wp-json\/wp\/v2\/product"}],"about":[{"href":"https:\/\/hilaturasegea.com\/fr\/wp-json\/wp\/v2\/types\/product"}],"wp:featuredmedia":[{"embeddable":true,"href":"https:\/\/hilaturasegea.com\/fr\/wp-json\/wp\/v2\/media\/4318"}],"wp:attachment":[{"href":"https:\/\/hilaturasegea.com\/fr\/wp-json\/wp\/v2\/media?parent=4322"}],"wp:term":[{"taxonomy":"product_brand","embeddable":true,"href":"https:\/\/hilaturasegea.com\/fr\/wp-json\/wp\/v2\/product_brand?post=4322"},{"taxonomy":"product_cat","embeddable":true,"href":"https:\/\/hilaturasegea.com\/fr\/wp-json\/wp\/v2\/product_cat?post=4322"},{"taxonomy":"product_tag","embeddable":true,"href":"https:\/\/hilaturasegea.com\/fr\/wp-json\/wp\/v2\/product_tag?post=4322"}],"curies":[{"name":"wp","href":"https:\/\/api.w.org\/{rel}","templated":true}]}}