{"id":73,"date":"2019-10-29T17:41:37","date_gmt":"2019-10-29T17:41:37","guid":{"rendered":"https:\/\/hilaturasegea.com\/index.php\/producto\/poliester-driza-trenzada-blanco-alta-tenacidad\/"},"modified":"2025-07-03T18:49:30","modified_gmt":"2025-07-03T16:49:30","slug":"poliester-driza-trenzada-blanco-alta-tenacidad","status":"publish","type":"product","link":"https:\/\/hilaturasegea.com\/fr\/produit\/poliester-driza-trenzada-blanco-alta-tenacidad\/","title":{"rendered":"Drisse tress\u00e9e blanche en polyester \/ haute t\u00e9nacit\u00e9"},"content":{"rendered":"<p style=\"text-align: left;\">Autres \u00e9paisseurs Consultez !<\/p>\n<p style=\"text-align: justify;\"><strong>COMPOSITION:<\/strong> Tresse ext\u00e9rieure renforc\u00e9e 100% Polyester Haute t\u00e9nacit\u00e9 et int\u00e9rieure 100% Polyester Multicolore.<\/p>\n<p style=\"text-align: justify;\"><strong>CARACT\u00c9RISTIQUES:<\/strong> \u00c9lasticit\u00e9 minimale, haute r\u00e9sistance aux frottements et \u00e0 la traction. Ne se d\u00e9t\u00e9riore pas dans l&#039;eau. Couleur stabilis\u00e9e aux UV. Doux et flexible au toucher. Sans Coca-Cola.<\/p>\n<p style=\"text-align: justify;\"><strong>SERVICES PUBLICS :<\/strong> Selon l&#039;\u00e9paisseur, pompes submersibles, tron\u00e7onneuses, motopompes, stores, auvents, cl\u00f4tures, construction, remorques, gymnases, effets navals, p\u00eache, levage et abaissement de drapeaux.<\/p>\n<p style=\"text-align: justify;\"><strong>EN NAUTIQUE :<\/strong> Haute r\u00e9sistance aux winchs, avec une excellente adh\u00e9rence entre les m\u00e2choires. Peut \u00eatre utilis\u00e9 comme drisse ou bosse de ris pour les voiliers de toutes longueurs.<\/p>\n<p style=\"text-align: center;\"><img fetchpriority=\"high\" decoding=\"async\" class=\"size-full wp-image-71\" style=\"margin-left: auto; margin-right: auto;\" src=\"https:\/\/hilaturasegea.com\/wp-content\/uploads\/2019\/10\/IMAGENES.jpg\" alt=\"\" width=\"723\" height=\"197\" srcset=\"https:\/\/hilaturasegea.com\/wp-content\/uploads\/2019\/10\/IMAGENES.jpg 1849w, https:\/\/hilaturasegea.com\/wp-content\/uploads\/2019\/10\/IMAGENES-600x164.jpg 600w, https:\/\/hilaturasegea.com\/wp-content\/uploads\/2019\/10\/IMAGENES-300x82.jpg 300w, https:\/\/hilaturasegea.com\/wp-content\/uploads\/2019\/10\/IMAGENES-1024x280.jpg 1024w, https:\/\/hilaturasegea.com\/wp-content\/uploads\/2019\/10\/IMAGENES-768x210.jpg 768w, https:\/\/hilaturasegea.com\/wp-content\/uploads\/2019\/10\/IMAGENES-1536x420.jpg 1536w\" sizes=\"(max-width: 723px) 100vw, 723px\" \/><\/p>\n<table class=\"MsoNormalTable\" style=\"width: 205.6pt; border: 1pt solid; margin-left: auto; margin-right: auto;\" border=\"1\" width=\"274\" cellspacing=\"0\" cellpadding=\"0\">\n<thead>\n<tr style=\"height: 22.4pt;\">\n<td style=\"border: dashed #BBBBBB 1pt; background: #C6D9F1; padding: 0cm 0cm 0cm 0cm; height: 22.4pt;\">\n<p class=\"MsoNormal\" style=\"margin-bottom: 0.0001pt; text-align: center; line-height: normal;\" align=\"center\"><b><span style=\"font-size: 8.5pt; font-family: Verdana, 'sans-serif';\">Diam\u00e8tre<\/span><\/b><\/p>\n<\/td>\n<td style=\"border: dashed #BBBBBB 1pt; background: #C6D9F1; padding: 0cm 0cm 0cm 0cm; height: 22.4pt;\">\n<p class=\"MsoNormal\" style=\"margin-bottom: 0.0001pt; text-align: center; line-height: normal;\" align=\"center\"><b><span style=\"font-size: 8.5pt; font-family: Verdana, 'sans-serif';\">Charge de rupture approximative (kg)<\/span><\/b><\/p>\n<\/td>\n<td style=\"border: dashed #BBBBBB 1pt; background: #C6D9F1; padding: 0cm 0cm 0cm 0cm; height: 22.4pt;\">\n<p class=\"MsoNormal\" style=\"margin-bottom: 0.0001pt; text-align: center; line-height: normal;\" align=\"center\"><b><span style=\"font-size: 8.5pt; font-family: Verdana, 'sans-serif';\">Poids approximatif kg\/100 m<\/span><\/b><\/p>\n<\/td>\n<\/tr>\n<\/thead>\n<tbody>\n<tr style=\"height: 10.4pt;\">\n<td style=\"border: dashed #BBBBBB 1pt; background: #F2F2F2; padding: 0cm 0cm 0cm 0cm; height: 10.4pt;\">\n<p class=\"MsoNormal\" style=\"margin-bottom: 0.0001pt; text-align: center; line-height: 10.4pt;\" align=\"center\"><span style=\"font-size: 8.5pt; font-family: Verdana, 'sans-serif';\">1 mm<\/span><\/p>\n<\/td>\n<td style=\"border: dashed #BBBBBB 1pt; background: #F2F2F2; padding: 0cm 0cm 0cm 0cm; height: 10.4pt;\"><\/td>\n<td style=\"border: dashed #BBBBBB 1pt; background: #F2F2F2; padding: 0cm 0cm 0cm 0cm; height: 10.4pt;\"><\/td>\n<\/tr>\n<tr style=\"height: 11.2pt;\">\n<td style=\"border: dashed #BBBBBB 1pt; padding: 0cm 0cm 0cm 0cm; height: 11.2pt;\">\n<p class=\"MsoNormal\" style=\"margin-bottom: 0.0001pt; text-align: center; line-height: 11.2pt;\" align=\"center\"><span style=\"font-size: 8.5pt; font-family: Verdana, 'sans-serif';\">2 mm<\/span><\/p>\n<\/td>\n<td style=\"border: dashed #BBBBBB 1pt; padding: 0cm 0cm 0cm 0cm; height: 11.2pt;\"><\/td>\n<td style=\"border: dashed #BBBBBB 1pt; padding: 0cm 0cm 0cm 0cm; height: 11.2pt;\">\n<p class=\"MsoNormal\" style=\"margin-bottom: 0.0001pt; text-align: center; line-height: 11.2pt;\" align=\"center\"><span style=\"font-size: 8.5pt; font-family: Verdana, 'sans-serif';\">0,4<\/span><\/p>\n<\/td>\n<\/tr>\n<tr style=\"height: 11.2pt;\">\n<td style=\"border: dashed #BBBBBB 1pt; background: #F2F2F2; padding: 0cm 0cm 0cm 0cm; height: 11.2pt;\">\n<p class=\"MsoNormal\" style=\"margin-bottom: 0.0001pt; text-align: center; line-height: 11.2pt;\" align=\"center\"><span style=\"font-size: 8.5pt; font-family: Verdana, 'sans-serif';\">3 mm<\/span><\/p>\n<\/td>\n<td style=\"border: dashed #BBBBBB 1pt; background: #F2F2F2; padding: 0cm 0cm 0cm 0cm; height: 11.2pt;\">\n<p class=\"MsoNormal\" style=\"margin-bottom: 0.0001pt; text-align: center; line-height: 11.2pt;\" align=\"center\"><span style=\"font-size: 8.5pt; font-family: Verdana, 'sans-serif';\">150<\/span><\/p>\n<\/td>\n<td style=\"border: dashed #BBBBBB 1pt; background: #F2F2F2; padding: 0cm 0cm 0cm 0cm; height: 11.2pt;\">\n<p class=\"MsoNormal\" style=\"margin-bottom: 0.0001pt; text-align: center; line-height: 11.2pt;\" align=\"center\"><span style=\"font-size: 8.5pt; font-family: Verdana, 'sans-serif';\">0,7<\/span><\/p>\n<\/td>\n<\/tr>\n<tr style=\"height: 11.2pt;\">\n<td style=\"border: dashed #BBBBBB 1pt; padding: 0cm 0cm 0cm 0cm; height: 11.2pt;\">\n<p class=\"MsoNormal\" style=\"margin-bottom: 0.0001pt; text-align: center; line-height: 11.2pt;\" align=\"center\"><span style=\"font-size: 8.5pt; font-family: Verdana, 'sans-serif';\">4 mm<\/span><\/p>\n<\/td>\n<td style=\"border: dashed #BBBBBB 1pt; padding: 0cm 0cm 0cm 0cm; height: 11.2pt;\">\n<p class=\"MsoNormal\" style=\"margin-bottom: 0.0001pt; text-align: center; line-height: 11.2pt;\" align=\"center\"><span style=\"font-size: 8.5pt; font-family: Verdana, 'sans-serif';\">300<\/span><\/p>\n<\/td>\n<td style=\"border: dashed #BBBBBB 1pt; padding: 0cm 0cm 0cm 0cm; height: 11.2pt;\">\n<p class=\"MsoNormal\" style=\"margin-bottom: 0.0001pt; text-align: center; line-height: 11.2pt;\" align=\"center\"><span style=\"font-size: 8.5pt; font-family: Verdana, 'sans-serif';\">1,7<\/span><\/p>\n<\/td>\n<\/tr>\n<tr style=\"height: 11.2pt;\">\n<td style=\"border: dashed #BBBBBB 1pt; background: #F2F2F2; padding: 0cm 0cm 0cm 0cm; height: 11.2pt;\">\n<p class=\"MsoNormal\" style=\"margin-bottom: 0.0001pt; text-align: center; line-height: 11.2pt;\" align=\"center\"><span style=\"font-size: 8.5pt; font-family: Verdana, 'sans-serif';\">5 mm<\/span><\/p>\n<\/td>\n<td style=\"border: dashed #BBBBBB 1pt; background: #F2F2F2; padding: 0cm 0cm 0cm 0cm; height: 11.2pt;\">\n<p class=\"MsoNormal\" style=\"margin-bottom: 0.0001pt; text-align: center; line-height: 11.2pt;\" align=\"center\"><span style=\"font-size: 8.5pt; font-family: Verdana, 'sans-serif';\">450<\/span><\/p>\n<\/td>\n<td style=\"border: dashed #BBBBBB 1pt; background: #F2F2F2; padding: 0cm 0cm 0cm 0cm; height: 11.2pt;\">\n<p class=\"MsoNormal\" style=\"margin-bottom: 0.0001pt; text-align: center; line-height: 11.2pt;\" align=\"center\"><span style=\"font-size: 8.5pt; font-family: Verdana, 'sans-serif';\">1,7<\/span><\/p>\n<\/td>\n<\/tr>\n<tr style=\"height: 10.4pt;\">\n<td style=\"border: dashed #BBBBBB 1pt; padding: 0cm 0cm 0cm 0cm; height: 10.4pt;\">\n<p class=\"MsoNormal\" style=\"margin-bottom: 0.0001pt; text-align: center; line-height: 10.4pt;\" align=\"center\"><span style=\"font-size: 8.5pt; font-family: Verdana, 'sans-serif';\">6 mm<\/span><\/p>\n<\/td>\n<td style=\"border: dashed #BBBBBB 1pt; padding: 0cm 0cm 0cm 0cm; height: 10.4pt;\">\n<p class=\"MsoNormal\" style=\"margin-bottom: 0.0001pt; text-align: center; line-height: 10.4pt;\" align=\"center\"><span style=\"font-size: 8.5pt; font-family: Verdana, 'sans-serif';\">750<\/span><\/p>\n<\/td>\n<td style=\"border: dashed #BBBBBB 1pt; padding: 0cm 0cm 0cm 0cm; height: 10.4pt;\">\n<p class=\"MsoNormal\" style=\"margin-bottom: 0.0001pt; text-align: center; line-height: 10.4pt;\" align=\"center\"><span style=\"font-size: 8.5pt; font-family: Verdana, 'sans-serif';\">2,7<\/span><\/p>\n<\/td>\n<\/tr>\n<tr style=\"height: 11.2pt;\">\n<td style=\"border: dashed #BBBBBB 1pt; background: #F2F2F2; padding: 0cm 0cm 0cm 0cm; height: 11.2pt;\">\n<p class=\"MsoNormal\" style=\"margin-bottom: 0.0001pt; text-align: center; line-height: 11.2pt;\" align=\"center\"><span style=\"font-size: 8.5pt; font-family: Verdana, 'sans-serif';\">8 mm<\/span><\/p>\n<\/td>\n<td style=\"border: dashed #BBBBBB 1pt; background: #F2F2F2; padding: 0cm 0cm 0cm 0cm; height: 11.2pt;\">\n<p class=\"MsoNormal\" style=\"margin-bottom: 0.0001pt; text-align: center; line-height: 11.2pt;\" align=\"center\"><span style=\"font-size: 8.5pt; font-family: Verdana, 'sans-serif';\">1000<\/span><\/p>\n<\/td>\n<td style=\"border: dashed #BBBBBB 1pt; background: #F2F2F2; padding: 0cm 0cm 0cm 0cm; height: 11.2pt;\">\n<p class=\"MsoNormal\" style=\"margin-bottom: 0.0001pt; text-align: center; line-height: 11.2pt;\" align=\"center\"><span style=\"font-size: 8.5pt; font-family: Verdana, 'sans-serif';\">5,1<\/span><\/p>\n<\/td>\n<\/tr>\n<tr style=\"height: 11.2pt;\">\n<td style=\"border: dashed #BBBBBB 1pt; padding: 0cm 0cm 0cm 0cm; height: 11.2pt;\">\n<p class=\"MsoNormal\" style=\"margin-bottom: 0.0001pt; text-align: center; line-height: 11.2pt;\" align=\"center\"><span style=\"font-size: 8.5pt; font-family: Verdana, 'sans-serif';\">10 mm<\/span><\/p>\n<\/td>\n<td style=\"border: dashed #BBBBBB 1pt; padding: 0cm 0cm 0cm 0cm; height: 11.2pt;\">\n<p class=\"MsoNormal\" style=\"margin-bottom: 0.0001pt; text-align: center; line-height: 11.2pt;\" align=\"center\"><span style=\"font-size: 8.5pt; font-family: Verdana, 'sans-serif';\">2050<\/span><\/p>\n<\/td>\n<td style=\"border: dashed #BBBBBB 1pt; padding: 0cm 0cm 0cm 0cm; height: 11.2pt;\">\n<p class=\"MsoNormal\" style=\"margin-bottom: 0.0001pt; text-align: center; line-height: 11.2pt;\" align=\"center\"><span style=\"font-size: 8.5pt; font-family: Verdana, 'sans-serif';\">6,5<\/span><\/p>\n<\/td>\n<\/tr>\n<tr style=\"height: 11.2pt;\">\n<td style=\"border: dashed #BBBBBB 1pt; background: #F2F2F2; padding: 0cm 0cm 0cm 0cm; height: 11.2pt;\">\n<p class=\"MsoNormal\" style=\"margin-bottom: 0.0001pt; text-align: center; line-height: 11.2pt;\" align=\"center\"><span style=\"font-size: 8.5pt; font-family: Verdana, 'sans-serif';\">12 mm<\/span><\/p>\n<\/td>\n<td style=\"border: dashed #BBBBBB 1pt; background: #F2F2F2; padding: 0cm 0cm 0cm 0cm; height: 11.2pt;\">\n<p class=\"MsoNormal\" style=\"margin-bottom: 0.0001pt; text-align: center; line-height: 11.2pt;\" align=\"center\"><span style=\"font-size: 8.5pt; font-family: Verdana, 'sans-serif';\">2400<\/span><\/p>\n<\/td>\n<td style=\"border: dashed #BBBBBB 1pt; background: #F2F2F2; padding: 0cm 0cm 0cm 0cm; height: 11.2pt;\">\n<p class=\"MsoNormal\" style=\"margin-bottom: 0.0001pt; text-align: center; line-height: 11.2pt;\" align=\"center\"><span style=\"font-size: 8.5pt; font-family: Verdana, 'sans-serif';\">10<\/span><\/p>\n<\/td>\n<\/tr>\n<tr style=\"height: 10.4pt;\">\n<td style=\"border: dashed #BBBBBB 1pt; padding: 0cm 0cm 0cm 0cm; height: 10.4pt;\">\n<p class=\"MsoNormal\" style=\"margin-bottom: 0.0001pt; text-align: center; line-height: 10.4pt;\" align=\"center\"><span style=\"font-size: 8.5pt; font-family: Verdana, 'sans-serif';\">14 mm<\/span><\/p>\n<\/td>\n<td style=\"border: dashed #BBBBBB 1pt; padding: 0cm 0cm 0cm 0cm; height: 10.4pt;\">\n<p class=\"MsoNormal\" style=\"margin-bottom: 0.0001pt; text-align: center; line-height: 10.4pt;\" align=\"center\"><span style=\"font-size: 8.5pt; font-family: Verdana, 'sans-serif';\">3000<\/span><\/p>\n<\/td>\n<td style=\"border: dashed #BBBBBB 1pt; padding: 0cm 0cm 0cm 0cm; height: 10.4pt;\">\n<p class=\"MsoNormal\" style=\"margin-bottom: 0.0001pt; text-align: center; line-height: 10.4pt;\" align=\"center\"><span style=\"font-size: 8.5pt; font-family: Verdana, 'sans-serif';\">15,5<\/span><\/p>\n<\/td>\n<\/tr>\n<tr style=\"height: 11.2pt;\">\n<td style=\"border: dashed #BBBBBB 1pt; background: #F2F2F2; padding: 0cm 0cm 0cm 0cm; height: 11.2pt;\">\n<p class=\"MsoNormal\" style=\"margin-bottom: 0.0001pt; text-align: center; line-height: 11.2pt;\" align=\"center\"><span style=\"font-size: 8.5pt; font-family: Verdana, 'sans-serif';\">16 mm<\/span><\/p>\n<\/td>\n<td style=\"border: dashed #BBBBBB 1pt; background: #F2F2F2; padding: 0cm 0cm 0cm 0cm; height: 11.2pt;\">\n<p class=\"MsoNormal\" style=\"margin-bottom: 0.0001pt; text-align: center; line-height: 11.2pt;\" align=\"center\"><span style=\"font-size: 8.5pt; font-family: Verdana, 'sans-serif';\">3900<\/span><\/p>\n<\/td>\n<td style=\"border: dashed #BBBBBB 1pt; background: #F2F2F2; padding: 0cm 0cm 0cm 0cm; height: 11.2pt;\">\n<p class=\"MsoNormal\" style=\"margin-bottom: 0.0001pt; text-align: center; line-height: 11.2pt;\" align=\"center\"><span style=\"font-size: 8.5pt; font-family: Verdana, 'sans-serif';\">19<\/span><\/p>\n<\/td>\n<\/tr>\n<tr style=\"height: 11.2pt;\">\n<td style=\"border: dashed #BBBBBB 1pt; padding: 0cm 0cm 0cm 0cm; height: 11.2pt;\">\n<p class=\"MsoNormal\" style=\"margin-bottom: 0.0001pt; text-align: center; line-height: 11.2pt;\" align=\"center\"><span style=\"font-size: 8.5pt; font-family: Verdana, 'sans-serif';\">18 mm<\/span><\/p>\n<\/td>\n<td style=\"border: dashed #BBBBBB 1pt; padding: 0cm 0cm 0cm 0cm; height: 11.2pt;\">\n<p class=\"MsoNormal\" style=\"margin-bottom: 0.0001pt; text-align: center; line-height: 11.2pt;\" align=\"center\"><span style=\"font-size: 8.5pt; font-family: Verdana, 'sans-serif';\">4800<\/span><\/p>\n<\/td>\n<td style=\"border: dashed #BBBBBB 1pt; padding: 0cm 0cm 0cm 0cm; height: 11.2pt;\">\n<p class=\"MsoNormal\" style=\"margin-bottom: 0.0001pt; text-align: center; line-height: 11.2pt;\" align=\"center\"><span style=\"font-size: 8.5pt; font-family: Verdana, 'sans-serif';\">23<\/span><\/p>\n<\/td>\n<\/tr>\n<tr style=\"height: 11.2pt;\">\n<td style=\"border: dashed #BBBBBB 1pt; background: #F2F2F2; padding: 0cm 0cm 0cm 0cm; height: 11.2pt;\">\n<p class=\"MsoNormal\" style=\"margin-bottom: 0.0001pt; text-align: center; line-height: 11.2pt;\" align=\"center\"><span style=\"font-size: 8.5pt; font-family: Verdana, 'sans-serif';\">20 mm<\/span><\/p>\n<\/td>\n<td style=\"border: dashed #BBBBBB 1pt; background: #F2F2F2; padding: 0cm 0cm 0cm 0cm; height: 11.2pt;\">\n<p class=\"MsoNormal\" style=\"margin-bottom: 0.0001pt; text-align: center; line-height: 11.2pt;\" align=\"center\"><span style=\"font-size: 8.5pt; font-family: Verdana, 'sans-serif';\">5400<\/span><\/p>\n<\/td>\n<td style=\"border: dashed #BBBBBB 1pt; background: #F2F2F2; padding: 0cm 0cm 0cm 0cm; height: 11.2pt;\">\n<p class=\"MsoNormal\" style=\"margin-bottom: 0.0001pt; text-align: center; line-height: 11.2pt;\" align=\"center\"><span style=\"font-size: 8.5pt; font-family: Verdana, 'sans-serif';\">29<\/span><\/p>\n<\/td>\n<\/tr>\n<\/tbody>\n<\/table>","protected":false},"excerpt":{"rendered":"<p>Otros grosores \u00a1Consultar! COMPOSICI\u00d3N: Trenzado exterior reforzado 100% Poli\u00e9ster alta tenacidad e interior 100% Poli\u00e9ster multicolor. CARACTER\u00cdSTICAS: M\u00ednima elasticidad, gran resistencia al roce y a la tracci\u00f3n. No se deteriora en el agua. Color estabilizado por rayos UV. Suave y flexible al tacto. Libre de cocas. UTILIDADES: Seg\u00fan grosor, bombas sumergibles, motosierra, motobombas, persianas, toldos, [&hellip;]<\/p>","protected":false},"featured_media":59,"template":"","meta":[],"product_brand":[],"product_cat":[973,970,1232,965,1014,966,1289,1056,967,1094,1333,986],"product_tag":[],"class_list":{"0":"post-73","1":"product","2":"type-product","3":"status-publish","4":"has-post-thumbnail","6":"product_cat-cordeleria-construccion","7":"product_cat-cordeleria","8":"product_cat-driza-trenzada-alta-tenacidad","9":"product_cat-ferreteria","10":"product_cat-poliester-cordeleria-construccion","11":"product_cat-construccion","12":"product_cat-driza-trenzada-alta-tenacidad-poliester-cordeleria-construccion","13":"product_cat-poliester-cordeleria","14":"product_cat-nautica","15":"product_cat-poliester-cordeleria-nautica-nautica","16":"product_cat-driza-trenzada-alta-tenacidad-poliester-cordeleria","17":"product_cat-cordeleria-nautica","18":"pa_color-blanco","19":"pa_color-blancoen1263_1","20":"pa_color-blancodistintivo","21":"pa_diametro-1mm","22":"pa_diametro-2mm","23":"pa_diametro-3mm","24":"pa_diametro-4mm","25":"pa_diametro-5mm","26":"pa_diametro-6mm","27":"pa_diametro-8mm","28":"pa_diametro-10mm","29":"pa_diametro-12mm","30":"pa_diametro-14mm","31":"pa_diametro-16mm","32":"pa_diametro-18mm","33":"pa_diametro-20mm","34":"pa_metraje-10m","35":"pa_metraje-15m","36":"pa_metraje-25m","37":"pa_metraje-50m","38":"pa_metraje-100m","39":"pa_metraje-200m","40":"pa_metraje-500m","42":"first","43":"instock","44":"sale","45":"taxable","46":"shipping-taxable","47":"purchasable","48":"product-type-variable"},"tiered_pricing_type":"fixed","tiered_pricing_fixed_rules":[],"tiered_pricing_product_settings":{"layout":"default","base_unit_name":{"singular":null,"plural":null},"default_variation":null},"tiered_pricing_minimum_quantity":null,"tiered_pricing_roles_data":[],"tiered_pricing_percentage_rules":[],"_links":{"self":[{"href":"https:\/\/hilaturasegea.com\/fr\/wp-json\/wp\/v2\/product\/73","targetHints":{"allow":["GET"]}}],"collection":[{"href":"https:\/\/hilaturasegea.com\/fr\/wp-json\/wp\/v2\/product"}],"about":[{"href":"https:\/\/hilaturasegea.com\/fr\/wp-json\/wp\/v2\/types\/product"}],"wp:featuredmedia":[{"embeddable":true,"href":"https:\/\/hilaturasegea.com\/fr\/wp-json\/wp\/v2\/media\/59"}],"wp:attachment":[{"href":"https:\/\/hilaturasegea.com\/fr\/wp-json\/wp\/v2\/media?parent=73"}],"wp:term":[{"taxonomy":"product_brand","embeddable":true,"href":"https:\/\/hilaturasegea.com\/fr\/wp-json\/wp\/v2\/product_brand?post=73"},{"taxonomy":"product_cat","embeddable":true,"href":"https:\/\/hilaturasegea.com\/fr\/wp-json\/wp\/v2\/product_cat?post=73"},{"taxonomy":"product_tag","embeddable":true,"href":"https:\/\/hilaturasegea.com\/fr\/wp-json\/wp\/v2\/product_tag?post=73"}],"curies":[{"name":"wp","href":"https:\/\/api.w.org\/{rel}","templated":true}]}}